{"id":16272,"date":"2022-07-04T02:42:40","date_gmt":"2022-07-04T00:42:40","guid":{"rendered":"https:\/\/www.webstranka-eshop.sk\/tesel\/produkt\/modul-premostenia-zataze-fibaro-bypass-2-fgb-002\/"},"modified":"2022-07-04T02:42:42","modified_gmt":"2022-07-04T00:42:42","slug":"modul-premostenia-zataze-fibaro-bypass-2-fgb-002","status":"publish","type":"product","link":"https:\/\/www.webstranka-eshop.sk\/tesel\/produkt\/modul-premostenia-zataze-fibaro-bypass-2-fgb-002\/","title":{"rendered":"Modul premostenia z\u00e1\u0165a\u017ee &#8211; FIBARO Bypass 2 (FGB-002)"},"content":{"rendered":"","protected":false},"excerpt":{"rendered":"","protected":false},"featured_media":13926,"comment_status":"closed","ping_status":"open","template":"","meta":[],"product_cat":[281,282],"product_tag":[],"class_list":["post-16272","product","type-product","status-publish","has-post-thumbnail","hentry","product_cat-vypinace-a-stmievace","product_cat-z-wave-stmievace","yith_product_brand-fibaro"],"_links":{"self":[{"href":"https:\/\/www.webstranka-eshop.sk\/tesel\/wp-json\/wp\/v2\/product\/16272","targetHints":{"allow":["GET"]}}],"collection":[{"href":"https:\/\/www.webstranka-eshop.sk\/tesel\/wp-json\/wp\/v2\/product"}],"about":[{"href":"https:\/\/www.webstranka-eshop.sk\/tesel\/wp-json\/wp\/v2\/types\/product"}],"replies":[{"embeddable":true,"href":"https:\/\/www.webstranka-eshop.sk\/tesel\/wp-json\/wp\/v2\/comments?post=16272"}],"wp:featuredmedia":[{"embeddable":true,"href":"https:\/\/www.webstranka-eshop.sk\/tesel\/wp-json\/wp\/v2\/media\/13926"}],"wp:attachment":[{"href":"https:\/\/www.webstranka-eshop.sk\/tesel\/wp-json\/wp\/v2\/media?parent=16272"}],"wp:term":[{"taxonomy":"product_cat","embeddable":true,"href":"https:\/\/www.webstranka-eshop.sk\/tesel\/wp-json\/wp\/v2\/product_cat?post=16272"},{"taxonomy":"product_tag","embeddable":true,"href":"https:\/\/www.webstranka-eshop.sk\/tesel\/wp-json\/wp\/v2\/product_tag?post=16272"}],"curies":[{"name":"wp","href":"https:\/\/api.w.org\/{rel}","templated":true}]}}