{"id":16009,"date":"2022-07-04T02:51:12","date_gmt":"2022-07-04T00:51:12","guid":{"rendered":"https:\/\/www.webstranka-eshop.sk\/tesel\/produkt\/mco-home-termostat-pre-elektricke-kurenie-verzia-2-mh7h-eh-cierny\/"},"modified":"2022-07-04T02:51:16","modified_gmt":"2022-07-04T00:51:16","slug":"mco-home-termostat-pre-elektricke-kurenie-verzia-2-mh7h-eh-cierny","status":"publish","type":"product","link":"https:\/\/www.webstranka-eshop.sk\/tesel\/produkt\/mco-home-termostat-pre-elektricke-kurenie-verzia-2-mh7h-eh-cierny\/","title":{"rendered":"MCO Home Termostat pre elektrick\u00e9 k\u00farenie Verzia 2 (MH7H-EH), \u010cierny"},"content":{"rendered":"","protected":false},"excerpt":{"rendered":"","protected":false},"featured_media":16010,"comment_status":"closed","ping_status":"open","template":"","meta":[],"product_cat":[288],"product_tag":[],"class_list":["post-16009","product","type-product","status-publish","has-post-thumbnail","hentry","product_cat-termostaty","yith_product_brand-mco-home"],"_links":{"self":[{"href":"https:\/\/www.webstranka-eshop.sk\/tesel\/wp-json\/wp\/v2\/product\/16009","targetHints":{"allow":["GET"]}}],"collection":[{"href":"https:\/\/www.webstranka-eshop.sk\/tesel\/wp-json\/wp\/v2\/product"}],"about":[{"href":"https:\/\/www.webstranka-eshop.sk\/tesel\/wp-json\/wp\/v2\/types\/product"}],"replies":[{"embeddable":true,"href":"https:\/\/www.webstranka-eshop.sk\/tesel\/wp-json\/wp\/v2\/comments?post=16009"}],"wp:featuredmedia":[{"embeddable":true,"href":"https:\/\/www.webstranka-eshop.sk\/tesel\/wp-json\/wp\/v2\/media\/16010"}],"wp:attachment":[{"href":"https:\/\/www.webstranka-eshop.sk\/tesel\/wp-json\/wp\/v2\/media?parent=16009"}],"wp:term":[{"taxonomy":"product_cat","embeddable":true,"href":"https:\/\/www.webstranka-eshop.sk\/tesel\/wp-json\/wp\/v2\/product_cat?post=16009"},{"taxonomy":"product_tag","embeddable":true,"href":"https:\/\/www.webstranka-eshop.sk\/tesel\/wp-json\/wp\/v2\/product_tag?post=16009"}],"curies":[{"name":"wp","href":"https:\/\/api.w.org\/{rel}","templated":true}]}}