{"id":15954,"date":"2022-07-04T02:51:12","date_gmt":"2022-07-04T00:51:12","guid":{"rendered":"https:\/\/www.webstranka-eshop.sk\/tesel\/produkt\/shelly-plus-2pm-spinaci-modul-s-meranim-spotreby-2x-10a-wifi-bluetooth\/"},"modified":"2022-07-04T02:51:12","modified_gmt":"2022-07-04T00:51:12","slug":"shelly-plus-2pm-spinaci-modul-s-meranim-spotreby-2x-10a-wifi-bluetooth","status":"publish","type":"product","link":"https:\/\/www.webstranka-eshop.sk\/tesel\/produkt\/shelly-plus-2pm-spinaci-modul-s-meranim-spotreby-2x-10a-wifi-bluetooth\/","title":{"rendered":"Shelly Plus 2PM &#8211; sp\u00ednac\u00ed modul s meran\u00edm spotreby 2x 10A (WiFi, Bluetooth)"},"content":{"rendered":"","protected":false},"excerpt":{"rendered":"","protected":false},"featured_media":15955,"comment_status":"closed","ping_status":"open","template":"","meta":[],"product_cat":[361,360],"product_tag":[],"class_list":["post-15954","product","type-product","status-publish","has-post-thumbnail","hentry","product_cat-shelly","product_cat-wifi-lan","yith_product_brand-shelly"],"_links":{"self":[{"href":"https:\/\/www.webstranka-eshop.sk\/tesel\/wp-json\/wp\/v2\/product\/15954","targetHints":{"allow":["GET"]}}],"collection":[{"href":"https:\/\/www.webstranka-eshop.sk\/tesel\/wp-json\/wp\/v2\/product"}],"about":[{"href":"https:\/\/www.webstranka-eshop.sk\/tesel\/wp-json\/wp\/v2\/types\/product"}],"replies":[{"embeddable":true,"href":"https:\/\/www.webstranka-eshop.sk\/tesel\/wp-json\/wp\/v2\/comments?post=15954"}],"wp:featuredmedia":[{"embeddable":true,"href":"https:\/\/www.webstranka-eshop.sk\/tesel\/wp-json\/wp\/v2\/media\/15955"}],"wp:attachment":[{"href":"https:\/\/www.webstranka-eshop.sk\/tesel\/wp-json\/wp\/v2\/media?parent=15954"}],"wp:term":[{"taxonomy":"product_cat","embeddable":true,"href":"https:\/\/www.webstranka-eshop.sk\/tesel\/wp-json\/wp\/v2\/product_cat?post=15954"},{"taxonomy":"product_tag","embeddable":true,"href":"https:\/\/www.webstranka-eshop.sk\/tesel\/wp-json\/wp\/v2\/product_tag?post=15954"}],"curies":[{"name":"wp","href":"https:\/\/api.w.org\/{rel}","templated":true}]}}