{"id":15767,"date":"2022-07-04T02:47:09","date_gmt":"2022-07-04T00:47:09","guid":{"rendered":"https:\/\/www.webstranka-eshop.sk\/tesel\/produkt\/shelly-trv-termostaticka-radiatorova-hlavica-wifi\/"},"modified":"2022-07-04T02:47:12","modified_gmt":"2022-07-04T00:47:12","slug":"shelly-trv-termostaticka-radiatorova-hlavica-wifi","status":"publish","type":"product","link":"https:\/\/www.webstranka-eshop.sk\/tesel\/produkt\/shelly-trv-termostaticka-radiatorova-hlavica-wifi\/","title":{"rendered":"Shelly TRV &#8211; termostatick\u00e1 radi\u00e1torov\u00e1 hlavica (WiFi)"},"content":{"rendered":"","protected":false},"excerpt":{"rendered":"","protected":false},"featured_media":15768,"comment_status":"closed","ping_status":"open","template":"","meta":[],"product_cat":[361,360],"product_tag":[],"class_list":["post-15767","product","type-product","status-publish","has-post-thumbnail","hentry","product_cat-shelly","product_cat-wifi-lan","yith_product_brand-shelly"],"_links":{"self":[{"href":"https:\/\/www.webstranka-eshop.sk\/tesel\/wp-json\/wp\/v2\/product\/15767","targetHints":{"allow":["GET"]}}],"collection":[{"href":"https:\/\/www.webstranka-eshop.sk\/tesel\/wp-json\/wp\/v2\/product"}],"about":[{"href":"https:\/\/www.webstranka-eshop.sk\/tesel\/wp-json\/wp\/v2\/types\/product"}],"replies":[{"embeddable":true,"href":"https:\/\/www.webstranka-eshop.sk\/tesel\/wp-json\/wp\/v2\/comments?post=15767"}],"wp:featuredmedia":[{"embeddable":true,"href":"https:\/\/www.webstranka-eshop.sk\/tesel\/wp-json\/wp\/v2\/media\/15768"}],"wp:attachment":[{"href":"https:\/\/www.webstranka-eshop.sk\/tesel\/wp-json\/wp\/v2\/media?parent=15767"}],"wp:term":[{"taxonomy":"product_cat","embeddable":true,"href":"https:\/\/www.webstranka-eshop.sk\/tesel\/wp-json\/wp\/v2\/product_cat?post=15767"},{"taxonomy":"product_tag","embeddable":true,"href":"https:\/\/www.webstranka-eshop.sk\/tesel\/wp-json\/wp\/v2\/product_tag?post=15767"}],"curies":[{"name":"wp","href":"https:\/\/api.w.org\/{rel}","templated":true}]}}