{"id":15677,"date":"2022-07-04T02:47:04","date_gmt":"2022-07-04T00:47:04","guid":{"rendered":"https:\/\/www.webstranka-eshop.sk\/tesel\/produkt\/heltun-touch-panel-switch-quinto-he-tps05-sk-z-wave-wall-switch-5-buttons-cierne-sklo-strieborny-ram\/"},"modified":"2022-07-04T02:47:05","modified_gmt":"2022-07-04T00:47:05","slug":"heltun-touch-panel-switch-quinto-he-tps05-sk-z-wave-wall-switch-5-buttons-cierne-sklo-strieborny-ram","status":"publish","type":"product","link":"https:\/\/www.webstranka-eshop.sk\/tesel\/produkt\/heltun-touch-panel-switch-quinto-he-tps05-sk-z-wave-wall-switch-5-buttons-cierne-sklo-strieborny-ram\/","title":{"rendered":"HELTUN Touch Panel Switch Quinto (HE-TPS05-SK), Z-Wave wall switch 5 buttons, \u010cierne sklo Strieborn\u00fd r\u00e1m"},"content":{"rendered":"","protected":false},"excerpt":{"rendered":"","protected":false},"featured_media":15678,"comment_status":"closed","ping_status":"open","template":"","meta":[],"product_cat":[285,308],"product_tag":[],"class_list":["post-15677","product","type-product","status-publish","has-post-thumbnail","hentry","product_cat-chytre-riesenia","product_cat-osvetlenie","yith_product_brand-heltun"],"_links":{"self":[{"href":"https:\/\/www.webstranka-eshop.sk\/tesel\/wp-json\/wp\/v2\/product\/15677","targetHints":{"allow":["GET"]}}],"collection":[{"href":"https:\/\/www.webstranka-eshop.sk\/tesel\/wp-json\/wp\/v2\/product"}],"about":[{"href":"https:\/\/www.webstranka-eshop.sk\/tesel\/wp-json\/wp\/v2\/types\/product"}],"replies":[{"embeddable":true,"href":"https:\/\/www.webstranka-eshop.sk\/tesel\/wp-json\/wp\/v2\/comments?post=15677"}],"wp:featuredmedia":[{"embeddable":true,"href":"https:\/\/www.webstranka-eshop.sk\/tesel\/wp-json\/wp\/v2\/media\/15678"}],"wp:attachment":[{"href":"https:\/\/www.webstranka-eshop.sk\/tesel\/wp-json\/wp\/v2\/media?parent=15677"}],"wp:term":[{"taxonomy":"product_cat","embeddable":true,"href":"https:\/\/www.webstranka-eshop.sk\/tesel\/wp-json\/wp\/v2\/product_cat?post=15677"},{"taxonomy":"product_tag","embeddable":true,"href":"https:\/\/www.webstranka-eshop.sk\/tesel\/wp-json\/wp\/v2\/product_tag?post=15677"}],"curies":[{"name":"wp","href":"https:\/\/api.w.org\/{rel}","templated":true}]}}