{"id":15650,"date":"2022-07-04T02:47:04","date_gmt":"2022-07-04T00:47:04","guid":{"rendered":"https:\/\/www.webstranka-eshop.sk\/tesel\/produkt\/haylou-smart-body-fat-scale-inteligentna-osobna-vaha\/"},"modified":"2022-07-04T02:47:04","modified_gmt":"2022-07-04T00:47:04","slug":"haylou-smart-body-fat-scale-inteligentna-osobna-vaha","status":"publish","type":"product","link":"https:\/\/www.webstranka-eshop.sk\/tesel\/produkt\/haylou-smart-body-fat-scale-inteligentna-osobna-vaha\/","title":{"rendered":"Haylou Smart Body Fat Scale &#8211; Inteligentn\u00e1 osobn\u00e1 v\u00e1ha"},"content":{"rendered":"","protected":false},"excerpt":{"rendered":"","protected":false},"featured_media":15651,"comment_status":"closed","ping_status":"open","template":"","meta":[],"product_cat":[403,411],"product_tag":[],"class_list":["post-15650","product","type-product","status-publish","has-post-thumbnail","hentry","product_cat-gadgety","product_cat-smart-vahy","yith_product_brand-haylou"],"_links":{"self":[{"href":"https:\/\/www.webstranka-eshop.sk\/tesel\/wp-json\/wp\/v2\/product\/15650","targetHints":{"allow":["GET"]}}],"collection":[{"href":"https:\/\/www.webstranka-eshop.sk\/tesel\/wp-json\/wp\/v2\/product"}],"about":[{"href":"https:\/\/www.webstranka-eshop.sk\/tesel\/wp-json\/wp\/v2\/types\/product"}],"replies":[{"embeddable":true,"href":"https:\/\/www.webstranka-eshop.sk\/tesel\/wp-json\/wp\/v2\/comments?post=15650"}],"wp:featuredmedia":[{"embeddable":true,"href":"https:\/\/www.webstranka-eshop.sk\/tesel\/wp-json\/wp\/v2\/media\/15651"}],"wp:attachment":[{"href":"https:\/\/www.webstranka-eshop.sk\/tesel\/wp-json\/wp\/v2\/media?parent=15650"}],"wp:term":[{"taxonomy":"product_cat","embeddable":true,"href":"https:\/\/www.webstranka-eshop.sk\/tesel\/wp-json\/wp\/v2\/product_cat?post=15650"},{"taxonomy":"product_tag","embeddable":true,"href":"https:\/\/www.webstranka-eshop.sk\/tesel\/wp-json\/wp\/v2\/product_tag?post=15650"}],"curies":[{"name":"wp","href":"https:\/\/api.w.org\/{rel}","templated":true}]}}