{"id":15648,"date":"2022-07-04T02:47:04","date_gmt":"2022-07-04T00:47:04","guid":{"rendered":"https:\/\/www.webstranka-eshop.sk\/tesel\/produkt\/sluzba-vzdialena-podpora-30-minut\/"},"modified":"2022-07-04T02:47:04","modified_gmt":"2022-07-04T00:47:04","slug":"sluzba-vzdialena-podpora-30-minut","status":"publish","type":"product","link":"https:\/\/www.webstranka-eshop.sk\/tesel\/produkt\/sluzba-vzdialena-podpora-30-minut\/","title":{"rendered":"Slu\u017eba &#8211; vzdialen\u00e1 podpora (30 min\u00fat)"},"content":{"rendered":"","protected":false},"excerpt":{"rendered":"","protected":false},"featured_media":15649,"comment_status":"closed","ping_status":"open","template":"","meta":[],"product_cat":[277,273],"product_tag":[],"class_list":["post-15648","product","type-product","status-publish","has-post-thumbnail","hentry","product_cat-prislusenstvo","product_cat-riadiace-jednotky","yith_product_brand-smarterhome"],"_links":{"self":[{"href":"https:\/\/www.webstranka-eshop.sk\/tesel\/wp-json\/wp\/v2\/product\/15648","targetHints":{"allow":["GET"]}}],"collection":[{"href":"https:\/\/www.webstranka-eshop.sk\/tesel\/wp-json\/wp\/v2\/product"}],"about":[{"href":"https:\/\/www.webstranka-eshop.sk\/tesel\/wp-json\/wp\/v2\/types\/product"}],"replies":[{"embeddable":true,"href":"https:\/\/www.webstranka-eshop.sk\/tesel\/wp-json\/wp\/v2\/comments?post=15648"}],"wp:featuredmedia":[{"embeddable":true,"href":"https:\/\/www.webstranka-eshop.sk\/tesel\/wp-json\/wp\/v2\/media\/15649"}],"wp:attachment":[{"href":"https:\/\/www.webstranka-eshop.sk\/tesel\/wp-json\/wp\/v2\/media?parent=15648"}],"wp:term":[{"taxonomy":"product_cat","embeddable":true,"href":"https:\/\/www.webstranka-eshop.sk\/tesel\/wp-json\/wp\/v2\/product_cat?post=15648"},{"taxonomy":"product_tag","embeddable":true,"href":"https:\/\/www.webstranka-eshop.sk\/tesel\/wp-json\/wp\/v2\/product_tag?post=15648"}],"curies":[{"name":"wp","href":"https:\/\/api.w.org\/{rel}","templated":true}]}}