{"id":15405,"date":"2022-07-04T02:46:38","date_gmt":"2022-07-04T00:46:38","guid":{"rendered":"https:\/\/www.webstranka-eshop.sk\/tesel\/produkt\/hlinikovy-chladic-14-x-14-x-10mm-pre-raspberry-pi\/"},"modified":"2022-07-04T02:46:43","modified_gmt":"2022-07-04T00:46:43","slug":"hlinikovy-chladic-14-x-14-x-10mm-pre-raspberry-pi","status":"publish","type":"product","link":"https:\/\/www.webstranka-eshop.sk\/tesel\/produkt\/hlinikovy-chladic-14-x-14-x-10mm-pre-raspberry-pi\/","title":{"rendered":"Hlin\u00edkov\u00fd chladi\u010d 14 x 14 x 10mm pre Raspberry Pi"},"content":{"rendered":"","protected":false},"excerpt":{"rendered":"","protected":false},"featured_media":15406,"comment_status":"closed","ping_status":"open","template":"","meta":[],"product_cat":[277,273],"product_tag":[],"class_list":["post-15405","product","type-product","status-publish","has-post-thumbnail","hentry","product_cat-prislusenstvo","product_cat-riadiace-jednotky","yith_product_brand-raspberry-pi"],"_links":{"self":[{"href":"https:\/\/www.webstranka-eshop.sk\/tesel\/wp-json\/wp\/v2\/product\/15405","targetHints":{"allow":["GET"]}}],"collection":[{"href":"https:\/\/www.webstranka-eshop.sk\/tesel\/wp-json\/wp\/v2\/product"}],"about":[{"href":"https:\/\/www.webstranka-eshop.sk\/tesel\/wp-json\/wp\/v2\/types\/product"}],"replies":[{"embeddable":true,"href":"https:\/\/www.webstranka-eshop.sk\/tesel\/wp-json\/wp\/v2\/comments?post=15405"}],"wp:featuredmedia":[{"embeddable":true,"href":"https:\/\/www.webstranka-eshop.sk\/tesel\/wp-json\/wp\/v2\/media\/15406"}],"wp:attachment":[{"href":"https:\/\/www.webstranka-eshop.sk\/tesel\/wp-json\/wp\/v2\/media?parent=15405"}],"wp:term":[{"taxonomy":"product_cat","embeddable":true,"href":"https:\/\/www.webstranka-eshop.sk\/tesel\/wp-json\/wp\/v2\/product_cat?post=15405"},{"taxonomy":"product_tag","embeddable":true,"href":"https:\/\/www.webstranka-eshop.sk\/tesel\/wp-json\/wp\/v2\/product_tag?post=15405"}],"curies":[{"name":"wp","href":"https:\/\/api.w.org\/{rel}","templated":true}]}}