{"id":15260,"date":"2022-07-04T02:46:31","date_gmt":"2022-07-04T00:46:31","guid":{"rendered":"https:\/\/www.webstranka-eshop.sk\/tesel\/produkt\/inteligentny-dvojspinac-aeotec-dual-nano-switch-with-energy-use-metering-zw132-c\/"},"modified":"2022-07-04T02:46:35","modified_gmt":"2022-07-04T00:46:35","slug":"inteligentny-dvojspinac-aeotec-dual-nano-switch-with-energy-use-metering-zw132-c","status":"publish","type":"product","link":"https:\/\/www.webstranka-eshop.sk\/tesel\/produkt\/inteligentny-dvojspinac-aeotec-dual-nano-switch-with-energy-use-metering-zw132-c\/","title":{"rendered":"Inteligentn\u00fd dvojsp\u00edna\u010d &#8211; AEOTEC Dual Nano Switch with Energy-Use Metering (ZW132-C)"},"content":{"rendered":"","protected":false},"excerpt":{"rendered":"","protected":false},"featured_media":15261,"comment_status":"closed","ping_status":"open","template":"","meta":[],"product_cat":[285,308,398],"product_tag":[],"class_list":["post-15260","product","type-product","status-publish","has-post-thumbnail","hentry","product_cat-chytre-riesenia","product_cat-osvetlenie","product_cat-spinacie-moduly-a-rele","yith_product_brand-aeotec"],"_links":{"self":[{"href":"https:\/\/www.webstranka-eshop.sk\/tesel\/wp-json\/wp\/v2\/product\/15260","targetHints":{"allow":["GET"]}}],"collection":[{"href":"https:\/\/www.webstranka-eshop.sk\/tesel\/wp-json\/wp\/v2\/product"}],"about":[{"href":"https:\/\/www.webstranka-eshop.sk\/tesel\/wp-json\/wp\/v2\/types\/product"}],"replies":[{"embeddable":true,"href":"https:\/\/www.webstranka-eshop.sk\/tesel\/wp-json\/wp\/v2\/comments?post=15260"}],"wp:featuredmedia":[{"embeddable":true,"href":"https:\/\/www.webstranka-eshop.sk\/tesel\/wp-json\/wp\/v2\/media\/15261"}],"wp:attachment":[{"href":"https:\/\/www.webstranka-eshop.sk\/tesel\/wp-json\/wp\/v2\/media?parent=15260"}],"wp:term":[{"taxonomy":"product_cat","embeddable":true,"href":"https:\/\/www.webstranka-eshop.sk\/tesel\/wp-json\/wp\/v2\/product_cat?post=15260"},{"taxonomy":"product_tag","embeddable":true,"href":"https:\/\/www.webstranka-eshop.sk\/tesel\/wp-json\/wp\/v2\/product_tag?post=15260"}],"curies":[{"name":"wp","href":"https:\/\/api.w.org\/{rel}","templated":true}]}}