{"id":15254,"date":"2022-07-04T02:46:31","date_gmt":"2022-07-04T00:46:31","guid":{"rendered":"https:\/\/www.webstranka-eshop.sk\/tesel\/produkt\/inteligentny-spinac-aeotec-nano-switch-with-energy-use-metering-zw116-c\/"},"modified":"2022-07-04T02:46:34","modified_gmt":"2022-07-04T00:46:34","slug":"inteligentny-spinac-aeotec-nano-switch-with-energy-use-metering-zw116-c","status":"publish","type":"product","link":"https:\/\/www.webstranka-eshop.sk\/tesel\/produkt\/inteligentny-spinac-aeotec-nano-switch-with-energy-use-metering-zw116-c\/","title":{"rendered":"Inteligentn\u00fd sp\u00edna\u010d &#8211; AEOTEC Nano Switch with Energy-Use Metering (ZW116-C)"},"content":{"rendered":"","protected":false},"excerpt":{"rendered":"","protected":false},"featured_media":15255,"comment_status":"closed","ping_status":"open","template":"","meta":[],"product_cat":[285,308,398],"product_tag":[],"class_list":["post-15254","product","type-product","status-publish","has-post-thumbnail","hentry","product_cat-chytre-riesenia","product_cat-osvetlenie","product_cat-spinacie-moduly-a-rele","yith_product_brand-aeotec"],"_links":{"self":[{"href":"https:\/\/www.webstranka-eshop.sk\/tesel\/wp-json\/wp\/v2\/product\/15254","targetHints":{"allow":["GET"]}}],"collection":[{"href":"https:\/\/www.webstranka-eshop.sk\/tesel\/wp-json\/wp\/v2\/product"}],"about":[{"href":"https:\/\/www.webstranka-eshop.sk\/tesel\/wp-json\/wp\/v2\/types\/product"}],"replies":[{"embeddable":true,"href":"https:\/\/www.webstranka-eshop.sk\/tesel\/wp-json\/wp\/v2\/comments?post=15254"}],"wp:featuredmedia":[{"embeddable":true,"href":"https:\/\/www.webstranka-eshop.sk\/tesel\/wp-json\/wp\/v2\/media\/15255"}],"wp:attachment":[{"href":"https:\/\/www.webstranka-eshop.sk\/tesel\/wp-json\/wp\/v2\/media?parent=15254"}],"wp:term":[{"taxonomy":"product_cat","embeddable":true,"href":"https:\/\/www.webstranka-eshop.sk\/tesel\/wp-json\/wp\/v2\/product_cat?post=15254"},{"taxonomy":"product_tag","embeddable":true,"href":"https:\/\/www.webstranka-eshop.sk\/tesel\/wp-json\/wp\/v2\/product_tag?post=15254"}],"curies":[{"name":"wp","href":"https:\/\/api.w.org\/{rel}","templated":true}]}}