{"id":15249,"date":"2022-07-04T02:46:31","date_gmt":"2022-07-04T00:46:31","guid":{"rendered":"https:\/\/www.webstranka-eshop.sk\/tesel\/produkt\/shelly-button1-bateriovy-ovladac-scen-wifi-biela\/"},"modified":"2022-07-04T02:46:33","modified_gmt":"2022-07-04T00:46:33","slug":"shelly-button1-bateriovy-ovladac-scen-wifi-biela","status":"publish","type":"product","link":"https:\/\/www.webstranka-eshop.sk\/tesel\/produkt\/shelly-button1-bateriovy-ovladac-scen-wifi-biela\/","title":{"rendered":"Shelly Button1 &#8211; bat\u00e9riov\u00fd ovl\u00e1da\u010d sc\u00e9n (WiFi), Biela"},"content":{"rendered":"","protected":false},"excerpt":{"rendered":"","protected":false},"featured_media":15250,"comment_status":"closed","ping_status":"open","template":"","meta":[],"product_cat":[361,360],"product_tag":[],"class_list":["post-15249","product","type-product","status-publish","has-post-thumbnail","hentry","product_cat-shelly","product_cat-wifi-lan","yith_product_brand-shelly"],"_links":{"self":[{"href":"https:\/\/www.webstranka-eshop.sk\/tesel\/wp-json\/wp\/v2\/product\/15249","targetHints":{"allow":["GET"]}}],"collection":[{"href":"https:\/\/www.webstranka-eshop.sk\/tesel\/wp-json\/wp\/v2\/product"}],"about":[{"href":"https:\/\/www.webstranka-eshop.sk\/tesel\/wp-json\/wp\/v2\/types\/product"}],"replies":[{"embeddable":true,"href":"https:\/\/www.webstranka-eshop.sk\/tesel\/wp-json\/wp\/v2\/comments?post=15249"}],"wp:featuredmedia":[{"embeddable":true,"href":"https:\/\/www.webstranka-eshop.sk\/tesel\/wp-json\/wp\/v2\/media\/15250"}],"wp:attachment":[{"href":"https:\/\/www.webstranka-eshop.sk\/tesel\/wp-json\/wp\/v2\/media?parent=15249"}],"wp:term":[{"taxonomy":"product_cat","embeddable":true,"href":"https:\/\/www.webstranka-eshop.sk\/tesel\/wp-json\/wp\/v2\/product_cat?post=15249"},{"taxonomy":"product_tag","embeddable":true,"href":"https:\/\/www.webstranka-eshop.sk\/tesel\/wp-json\/wp\/v2\/product_tag?post=15249"}],"curies":[{"name":"wp","href":"https:\/\/api.w.org\/{rel}","templated":true}]}}