{"id":15236,"date":"2022-07-04T02:46:23","date_gmt":"2022-07-04T00:46:23","guid":{"rendered":"https:\/\/www.webstranka-eshop.sk\/tesel\/produkt\/zigbee-vypinac-s-dvojitym-rele-aqara-smart-wall-switch-h1-eu-no-neutral-double-rocker-ws-euk02\/"},"modified":"2022-07-04T02:46:29","modified_gmt":"2022-07-04T00:46:29","slug":"zigbee-vypinac-s-dvojitym-rele-aqara-smart-wall-switch-h1-eu-no-neutral-double-rocker-ws-euk02","status":"publish","type":"product","link":"https:\/\/www.webstranka-eshop.sk\/tesel\/produkt\/zigbee-vypinac-s-dvojitym-rele-aqara-smart-wall-switch-h1-eu-no-neutral-double-rocker-ws-euk02\/","title":{"rendered":"Zigbee vyp\u00edna\u010d s dvojit\u00fdm rel\u00e9 &#8211; AQARA Smart Wall Switch H1 EU (No Neutral, Double Rocker) (WS-EUK02)"},"content":{"rendered":"","protected":false},"excerpt":{"rendered":"","protected":false},"featured_media":15237,"comment_status":"closed","ping_status":"open","template":"","meta":[],"product_cat":[374,373],"product_tag":[],"class_list":["post-15236","product","type-product","status-publish","has-post-thumbnail","hentry","product_cat-xiaomi-aqara","product_cat-zigbee","yith_product_brand-aqara"],"_links":{"self":[{"href":"https:\/\/www.webstranka-eshop.sk\/tesel\/wp-json\/wp\/v2\/product\/15236","targetHints":{"allow":["GET"]}}],"collection":[{"href":"https:\/\/www.webstranka-eshop.sk\/tesel\/wp-json\/wp\/v2\/product"}],"about":[{"href":"https:\/\/www.webstranka-eshop.sk\/tesel\/wp-json\/wp\/v2\/types\/product"}],"replies":[{"embeddable":true,"href":"https:\/\/www.webstranka-eshop.sk\/tesel\/wp-json\/wp\/v2\/comments?post=15236"}],"wp:featuredmedia":[{"embeddable":true,"href":"https:\/\/www.webstranka-eshop.sk\/tesel\/wp-json\/wp\/v2\/media\/15237"}],"wp:attachment":[{"href":"https:\/\/www.webstranka-eshop.sk\/tesel\/wp-json\/wp\/v2\/media?parent=15236"}],"wp:term":[{"taxonomy":"product_cat","embeddable":true,"href":"https:\/\/www.webstranka-eshop.sk\/tesel\/wp-json\/wp\/v2\/product_cat?post=15236"},{"taxonomy":"product_tag","embeddable":true,"href":"https:\/\/www.webstranka-eshop.sk\/tesel\/wp-json\/wp\/v2\/product_tag?post=15236"}],"curies":[{"name":"wp","href":"https:\/\/api.w.org\/{rel}","templated":true}]}}