{"id":15234,"date":"2022-07-04T02:46:23","date_gmt":"2022-07-04T00:46:23","guid":{"rendered":"https:\/\/www.webstranka-eshop.sk\/tesel\/produkt\/zigbee-vypinac-s-rele-aqara-smart-wall-switch-h1-eu-no-neutral-single-rocker-ws-euk01\/"},"modified":"2022-07-04T02:46:28","modified_gmt":"2022-07-04T00:46:28","slug":"zigbee-vypinac-s-rele-aqara-smart-wall-switch-h1-eu-no-neutral-single-rocker-ws-euk01","status":"publish","type":"product","link":"https:\/\/www.webstranka-eshop.sk\/tesel\/produkt\/zigbee-vypinac-s-rele-aqara-smart-wall-switch-h1-eu-no-neutral-single-rocker-ws-euk01\/","title":{"rendered":"Zigbee vyp\u00edna\u010d s rel\u00e9 &#8211; AQARA Smart Wall Switch H1 EU (No Neutral, Single Rocker) (WS-EUK01)"},"content":{"rendered":"","protected":false},"excerpt":{"rendered":"","protected":false},"featured_media":15235,"comment_status":"closed","ping_status":"open","template":"","meta":[],"product_cat":[374,373],"product_tag":[],"class_list":["post-15234","product","type-product","status-publish","has-post-thumbnail","hentry","product_cat-xiaomi-aqara","product_cat-zigbee","yith_product_brand-aqara"],"_links":{"self":[{"href":"https:\/\/www.webstranka-eshop.sk\/tesel\/wp-json\/wp\/v2\/product\/15234","targetHints":{"allow":["GET"]}}],"collection":[{"href":"https:\/\/www.webstranka-eshop.sk\/tesel\/wp-json\/wp\/v2\/product"}],"about":[{"href":"https:\/\/www.webstranka-eshop.sk\/tesel\/wp-json\/wp\/v2\/types\/product"}],"replies":[{"embeddable":true,"href":"https:\/\/www.webstranka-eshop.sk\/tesel\/wp-json\/wp\/v2\/comments?post=15234"}],"wp:featuredmedia":[{"embeddable":true,"href":"https:\/\/www.webstranka-eshop.sk\/tesel\/wp-json\/wp\/v2\/media\/15235"}],"wp:attachment":[{"href":"https:\/\/www.webstranka-eshop.sk\/tesel\/wp-json\/wp\/v2\/media?parent=15234"}],"wp:term":[{"taxonomy":"product_cat","embeddable":true,"href":"https:\/\/www.webstranka-eshop.sk\/tesel\/wp-json\/wp\/v2\/product_cat?post=15234"},{"taxonomy":"product_tag","embeddable":true,"href":"https:\/\/www.webstranka-eshop.sk\/tesel\/wp-json\/wp\/v2\/product_tag?post=15234"}],"curies":[{"name":"wp","href":"https:\/\/api.w.org\/{rel}","templated":true}]}}