{"id":15200,"date":"2022-07-04T02:46:23","date_gmt":"2022-07-04T00:46:23","guid":{"rendered":"https:\/\/www.webstranka-eshop.sk\/tesel\/produkt\/zigbee-citac-stavu-elektromeru-frient-electricity-meter-interface\/"},"modified":"2022-07-04T02:46:24","modified_gmt":"2022-07-04T00:46:24","slug":"zigbee-citac-stavu-elektromeru-frient-electricity-meter-interface","status":"publish","type":"product","link":"https:\/\/www.webstranka-eshop.sk\/tesel\/produkt\/zigbee-citac-stavu-elektromeru-frient-electricity-meter-interface\/","title":{"rendered":"Zigbee \u010d\u00edta\u010d stavu elektromeru &#8211; frient Electricity Meter Interface"},"content":{"rendered":"","protected":false},"excerpt":{"rendered":"","protected":false},"featured_media":15201,"comment_status":"closed","ping_status":"open","template":"","meta":[],"product_cat":[393,373],"product_tag":[],"class_list":["post-15200","product","type-product","status-publish","has-post-thumbnail","hentry","product_cat-frient","product_cat-zigbee","yith_product_brand-frient"],"_links":{"self":[{"href":"https:\/\/www.webstranka-eshop.sk\/tesel\/wp-json\/wp\/v2\/product\/15200","targetHints":{"allow":["GET"]}}],"collection":[{"href":"https:\/\/www.webstranka-eshop.sk\/tesel\/wp-json\/wp\/v2\/product"}],"about":[{"href":"https:\/\/www.webstranka-eshop.sk\/tesel\/wp-json\/wp\/v2\/types\/product"}],"replies":[{"embeddable":true,"href":"https:\/\/www.webstranka-eshop.sk\/tesel\/wp-json\/wp\/v2\/comments?post=15200"}],"wp:featuredmedia":[{"embeddable":true,"href":"https:\/\/www.webstranka-eshop.sk\/tesel\/wp-json\/wp\/v2\/media\/15201"}],"wp:attachment":[{"href":"https:\/\/www.webstranka-eshop.sk\/tesel\/wp-json\/wp\/v2\/media?parent=15200"}],"wp:term":[{"taxonomy":"product_cat","embeddable":true,"href":"https:\/\/www.webstranka-eshop.sk\/tesel\/wp-json\/wp\/v2\/product_cat?post=15200"},{"taxonomy":"product_tag","embeddable":true,"href":"https:\/\/www.webstranka-eshop.sk\/tesel\/wp-json\/wp\/v2\/product_tag?post=15200"}],"curies":[{"name":"wp","href":"https:\/\/api.w.org\/{rel}","templated":true}]}}