{"id":15182,"date":"2022-07-04T02:46:16","date_gmt":"2022-07-04T00:46:16","guid":{"rendered":"https:\/\/www.webstranka-eshop.sk\/tesel\/produkt\/heatit-z-temp2-cierny-z-wave-bateriovy-termostat\/"},"modified":"2022-07-04T02:46:20","modified_gmt":"2022-07-04T00:46:20","slug":"heatit-z-temp2-cierny-z-wave-bateriovy-termostat","status":"publish","type":"product","link":"https:\/\/www.webstranka-eshop.sk\/tesel\/produkt\/heatit-z-temp2-cierny-z-wave-bateriovy-termostat\/","title":{"rendered":"HEATIT Z-Temp2 \u010cierny, Z-Wave bat\u00e9riov\u00fd termostat"},"content":{"rendered":"","protected":false},"excerpt":{"rendered":"","protected":false},"featured_media":15183,"comment_status":"closed","ping_status":"open","template":"","meta":[],"product_cat":[288],"product_tag":[],"class_list":["post-15182","product","type-product","status-publish","has-post-thumbnail","hentry","product_cat-termostaty","yith_product_brand-thermo-floor-as"],"_links":{"self":[{"href":"https:\/\/www.webstranka-eshop.sk\/tesel\/wp-json\/wp\/v2\/product\/15182","targetHints":{"allow":["GET"]}}],"collection":[{"href":"https:\/\/www.webstranka-eshop.sk\/tesel\/wp-json\/wp\/v2\/product"}],"about":[{"href":"https:\/\/www.webstranka-eshop.sk\/tesel\/wp-json\/wp\/v2\/types\/product"}],"replies":[{"embeddable":true,"href":"https:\/\/www.webstranka-eshop.sk\/tesel\/wp-json\/wp\/v2\/comments?post=15182"}],"wp:featuredmedia":[{"embeddable":true,"href":"https:\/\/www.webstranka-eshop.sk\/tesel\/wp-json\/wp\/v2\/media\/15183"}],"wp:attachment":[{"href":"https:\/\/www.webstranka-eshop.sk\/tesel\/wp-json\/wp\/v2\/media?parent=15182"}],"wp:term":[{"taxonomy":"product_cat","embeddable":true,"href":"https:\/\/www.webstranka-eshop.sk\/tesel\/wp-json\/wp\/v2\/product_cat?post=15182"},{"taxonomy":"product_tag","embeddable":true,"href":"https:\/\/www.webstranka-eshop.sk\/tesel\/wp-json\/wp\/v2\/product_tag?post=15182"}],"curies":[{"name":"wp","href":"https:\/\/api.w.org\/{rel}","templated":true}]}}