{"id":15170,"date":"2022-07-04T02:46:16","date_gmt":"2022-07-04T00:46:16","guid":{"rendered":"https:\/\/www.webstranka-eshop.sk\/tesel\/produkt\/nastenny-ovladac-scen-fibaro-walli-controller-anthracite-fgwceu-201-8\/"},"modified":"2022-07-04T02:46:18","modified_gmt":"2022-07-04T00:46:18","slug":"nastenny-ovladac-scen-fibaro-walli-controller-anthracite-fgwceu-201-8","status":"publish","type":"product","link":"https:\/\/www.webstranka-eshop.sk\/tesel\/produkt\/nastenny-ovladac-scen-fibaro-walli-controller-anthracite-fgwceu-201-8\/","title":{"rendered":"N\u00e1stenn\u00fd ovl\u00e1da\u010d sc\u00e9n &#8211; FIBARO Walli Controller Anthracite (FGWCEU-201-8)"},"content":{"rendered":"","protected":false},"excerpt":{"rendered":"","protected":false},"featured_media":15171,"comment_status":"closed","ping_status":"open","template":"","meta":[],"product_cat":[285,306,305],"product_tag":[],"class_list":["post-15170","product","type-product","status-publish","has-post-thumbnail","hentry","product_cat-chytre-riesenia","product_cat-dialkove-ovladace-inteligentne-riadenie","product_cat-inteligentne-riadenie","yith_product_brand-fibaro"],"_links":{"self":[{"href":"https:\/\/www.webstranka-eshop.sk\/tesel\/wp-json\/wp\/v2\/product\/15170","targetHints":{"allow":["GET"]}}],"collection":[{"href":"https:\/\/www.webstranka-eshop.sk\/tesel\/wp-json\/wp\/v2\/product"}],"about":[{"href":"https:\/\/www.webstranka-eshop.sk\/tesel\/wp-json\/wp\/v2\/types\/product"}],"replies":[{"embeddable":true,"href":"https:\/\/www.webstranka-eshop.sk\/tesel\/wp-json\/wp\/v2\/comments?post=15170"}],"wp:featuredmedia":[{"embeddable":true,"href":"https:\/\/www.webstranka-eshop.sk\/tesel\/wp-json\/wp\/v2\/media\/15171"}],"wp:attachment":[{"href":"https:\/\/www.webstranka-eshop.sk\/tesel\/wp-json\/wp\/v2\/media?parent=15170"}],"wp:term":[{"taxonomy":"product_cat","embeddable":true,"href":"https:\/\/www.webstranka-eshop.sk\/tesel\/wp-json\/wp\/v2\/product_cat?post=15170"},{"taxonomy":"product_tag","embeddable":true,"href":"https:\/\/www.webstranka-eshop.sk\/tesel\/wp-json\/wp\/v2\/product_tag?post=15170"}],"curies":[{"name":"wp","href":"https:\/\/api.w.org\/{rel}","templated":true}]}}