{"id":15164,"date":"2022-07-04T02:46:16","date_gmt":"2022-07-04T00:46:16","guid":{"rendered":"https:\/\/www.webstranka-eshop.sk\/tesel\/produkt\/zigbee-dialkovy-ovladac-aeotec-button-smartthings\/"},"modified":"2022-07-04T02:46:17","modified_gmt":"2022-07-04T00:46:17","slug":"zigbee-dialkovy-ovladac-aeotec-button-smartthings","status":"publish","type":"product","link":"https:\/\/www.webstranka-eshop.sk\/tesel\/produkt\/zigbee-dialkovy-ovladac-aeotec-button-smartthings\/","title":{"rendered":"Zigbee dia\u013ekov\u00fd ovl\u00e1da\u010d &#8211; AEOTEC Button (SmartThings)"},"content":{"rendered":"","protected":false},"excerpt":{"rendered":"","protected":false},"featured_media":15165,"comment_status":"closed","ping_status":"open","template":"","meta":[],"product_cat":[384,373],"product_tag":[],"class_list":["post-15164","product","type-product","status-publish","has-post-thumbnail","hentry","product_cat-samsung-smartthings","product_cat-zigbee","yith_product_brand-aeotec"],"_links":{"self":[{"href":"https:\/\/www.webstranka-eshop.sk\/tesel\/wp-json\/wp\/v2\/product\/15164","targetHints":{"allow":["GET"]}}],"collection":[{"href":"https:\/\/www.webstranka-eshop.sk\/tesel\/wp-json\/wp\/v2\/product"}],"about":[{"href":"https:\/\/www.webstranka-eshop.sk\/tesel\/wp-json\/wp\/v2\/types\/product"}],"replies":[{"embeddable":true,"href":"https:\/\/www.webstranka-eshop.sk\/tesel\/wp-json\/wp\/v2\/comments?post=15164"}],"wp:featuredmedia":[{"embeddable":true,"href":"https:\/\/www.webstranka-eshop.sk\/tesel\/wp-json\/wp\/v2\/media\/15165"}],"wp:attachment":[{"href":"https:\/\/www.webstranka-eshop.sk\/tesel\/wp-json\/wp\/v2\/media?parent=15164"}],"wp:term":[{"taxonomy":"product_cat","embeddable":true,"href":"https:\/\/www.webstranka-eshop.sk\/tesel\/wp-json\/wp\/v2\/product_cat?post=15164"},{"taxonomy":"product_tag","embeddable":true,"href":"https:\/\/www.webstranka-eshop.sk\/tesel\/wp-json\/wp\/v2\/product_tag?post=15164"}],"curies":[{"name":"wp","href":"https:\/\/api.w.org\/{rel}","templated":true}]}}