{"id":15154,"date":"2022-07-04T02:46:07","date_gmt":"2022-07-04T00:46:07","guid":{"rendered":"https:\/\/www.webstranka-eshop.sk\/tesel\/produkt\/ramik-pre-vypinace-walli-fibaro-walli-single-cover-plate-fg-wx-pp-0001\/"},"modified":"2022-07-04T02:46:13","modified_gmt":"2022-07-04T00:46:13","slug":"ramik-pre-vypinace-walli-fibaro-walli-single-cover-plate-fg-wx-pp-0001","status":"publish","type":"product","link":"https:\/\/www.webstranka-eshop.sk\/tesel\/produkt\/ramik-pre-vypinace-walli-fibaro-walli-single-cover-plate-fg-wx-pp-0001\/","title":{"rendered":"R\u00e1mik pre vyp\u00edna\u010de Walli &#8211; FIBARO Walli Single Cover Plate (FG-Wx-PP-0001)"},"content":{"rendered":"","protected":false},"excerpt":{"rendered":"","protected":false},"featured_media":15155,"comment_status":"closed","ping_status":"open","template":"","meta":[],"product_cat":[285,308,337],"product_tag":[],"class_list":["post-15154","product","type-product","status-publish","has-post-thumbnail","hentry","product_cat-chytre-riesenia","product_cat-osvetlenie","product_cat-prislusenstvo-osvetlenie","yith_product_brand-fibaro"],"_links":{"self":[{"href":"https:\/\/www.webstranka-eshop.sk\/tesel\/wp-json\/wp\/v2\/product\/15154","targetHints":{"allow":["GET"]}}],"collection":[{"href":"https:\/\/www.webstranka-eshop.sk\/tesel\/wp-json\/wp\/v2\/product"}],"about":[{"href":"https:\/\/www.webstranka-eshop.sk\/tesel\/wp-json\/wp\/v2\/types\/product"}],"replies":[{"embeddable":true,"href":"https:\/\/www.webstranka-eshop.sk\/tesel\/wp-json\/wp\/v2\/comments?post=15154"}],"wp:featuredmedia":[{"embeddable":true,"href":"https:\/\/www.webstranka-eshop.sk\/tesel\/wp-json\/wp\/v2\/media\/15155"}],"wp:attachment":[{"href":"https:\/\/www.webstranka-eshop.sk\/tesel\/wp-json\/wp\/v2\/media?parent=15154"}],"wp:term":[{"taxonomy":"product_cat","embeddable":true,"href":"https:\/\/www.webstranka-eshop.sk\/tesel\/wp-json\/wp\/v2\/product_cat?post=15154"},{"taxonomy":"product_tag","embeddable":true,"href":"https:\/\/www.webstranka-eshop.sk\/tesel\/wp-json\/wp\/v2\/product_tag?post=15154"}],"curies":[{"name":"wp","href":"https:\/\/api.w.org\/{rel}","templated":true}]}}