{"id":15152,"date":"2022-07-04T02:46:07","date_gmt":"2022-07-04T00:46:07","guid":{"rendered":"https:\/\/www.webstranka-eshop.sk\/tesel\/produkt\/trojramik-pre-vypinace-walli-fibaro-walli-triple-cover-plate-anthracite-fg-wx-pp-0004-8\/"},"modified":"2022-07-04T02:46:13","modified_gmt":"2022-07-04T00:46:13","slug":"trojramik-pre-vypinace-walli-fibaro-walli-triple-cover-plate-anthracite-fg-wx-pp-0004-8","status":"publish","type":"product","link":"https:\/\/www.webstranka-eshop.sk\/tesel\/produkt\/trojramik-pre-vypinace-walli-fibaro-walli-triple-cover-plate-anthracite-fg-wx-pp-0004-8\/","title":{"rendered":"Trojr\u00e1mik pre vyp\u00edna\u010de Walli &#8211; FIBARO Walli Triple Cover Plate Anthracite (FG-Wx-PP-0004-8)"},"content":{"rendered":"","protected":false},"excerpt":{"rendered":"","protected":false},"featured_media":15153,"comment_status":"closed","ping_status":"open","template":"","meta":[],"product_cat":[285,308,337],"product_tag":[],"class_list":["post-15152","product","type-product","status-publish","has-post-thumbnail","hentry","product_cat-chytre-riesenia","product_cat-osvetlenie","product_cat-prislusenstvo-osvetlenie","yith_product_brand-fibaro"],"_links":{"self":[{"href":"https:\/\/www.webstranka-eshop.sk\/tesel\/wp-json\/wp\/v2\/product\/15152","targetHints":{"allow":["GET"]}}],"collection":[{"href":"https:\/\/www.webstranka-eshop.sk\/tesel\/wp-json\/wp\/v2\/product"}],"about":[{"href":"https:\/\/www.webstranka-eshop.sk\/tesel\/wp-json\/wp\/v2\/types\/product"}],"replies":[{"embeddable":true,"href":"https:\/\/www.webstranka-eshop.sk\/tesel\/wp-json\/wp\/v2\/comments?post=15152"}],"wp:featuredmedia":[{"embeddable":true,"href":"https:\/\/www.webstranka-eshop.sk\/tesel\/wp-json\/wp\/v2\/media\/15153"}],"wp:attachment":[{"href":"https:\/\/www.webstranka-eshop.sk\/tesel\/wp-json\/wp\/v2\/media?parent=15152"}],"wp:term":[{"taxonomy":"product_cat","embeddable":true,"href":"https:\/\/www.webstranka-eshop.sk\/tesel\/wp-json\/wp\/v2\/product_cat?post=15152"},{"taxonomy":"product_tag","embeddable":true,"href":"https:\/\/www.webstranka-eshop.sk\/tesel\/wp-json\/wp\/v2\/product_tag?post=15152"}],"curies":[{"name":"wp","href":"https:\/\/api.w.org\/{rel}","templated":true}]}}