{"id":15129,"date":"2022-07-04T02:46:07","date_gmt":"2022-07-04T00:46:07","guid":{"rendered":"https:\/\/www.webstranka-eshop.sk\/tesel\/produkt\/inteligentny-svetelny-vypinac-fibaro-walli-switch-anthracite-fgwdseu-221-8\/"},"modified":"2022-07-04T02:46:09","modified_gmt":"2022-07-04T00:46:09","slug":"inteligentny-svetelny-vypinac-fibaro-walli-switch-anthracite-fgwdseu-221-8","status":"publish","type":"product","link":"https:\/\/www.webstranka-eshop.sk\/tesel\/produkt\/inteligentny-svetelny-vypinac-fibaro-walli-switch-anthracite-fgwdseu-221-8\/","title":{"rendered":"Inteligentn\u00fd sveteln\u00fd vyp\u00edna\u010d &#8211; FIBARO Walli Switch Anthracite (FGWDSEU-221-8)"},"content":{"rendered":"","protected":false},"excerpt":{"rendered":"","protected":false},"featured_media":14660,"comment_status":"closed","ping_status":"open","template":"","meta":[],"product_cat":[285,308],"product_tag":[],"class_list":["post-15129","product","type-product","status-publish","has-post-thumbnail","hentry","product_cat-chytre-riesenia","product_cat-osvetlenie","yith_product_brand-fibaro"],"_links":{"self":[{"href":"https:\/\/www.webstranka-eshop.sk\/tesel\/wp-json\/wp\/v2\/product\/15129","targetHints":{"allow":["GET"]}}],"collection":[{"href":"https:\/\/www.webstranka-eshop.sk\/tesel\/wp-json\/wp\/v2\/product"}],"about":[{"href":"https:\/\/www.webstranka-eshop.sk\/tesel\/wp-json\/wp\/v2\/types\/product"}],"replies":[{"embeddable":true,"href":"https:\/\/www.webstranka-eshop.sk\/tesel\/wp-json\/wp\/v2\/comments?post=15129"}],"wp:featuredmedia":[{"embeddable":true,"href":"https:\/\/www.webstranka-eshop.sk\/tesel\/wp-json\/wp\/v2\/media\/14660"}],"wp:attachment":[{"href":"https:\/\/www.webstranka-eshop.sk\/tesel\/wp-json\/wp\/v2\/media?parent=15129"}],"wp:term":[{"taxonomy":"product_cat","embeddable":true,"href":"https:\/\/www.webstranka-eshop.sk\/tesel\/wp-json\/wp\/v2\/product_cat?post=15129"},{"taxonomy":"product_tag","embeddable":true,"href":"https:\/\/www.webstranka-eshop.sk\/tesel\/wp-json\/wp\/v2\/product_tag?post=15129"}],"curies":[{"name":"wp","href":"https:\/\/api.w.org\/{rel}","templated":true}]}}