{"id":15015,"date":"2022-07-04T02:45:50","date_gmt":"2022-07-04T00:45:50","guid":{"rendered":"https:\/\/www.webstranka-eshop.sk\/tesel\/produkt\/ovladac-privodu-vody-alebo-plynu-popp-flow-stop-2\/"},"modified":"2022-07-04T02:45:52","modified_gmt":"2022-07-04T00:45:52","slug":"ovladac-privodu-vody-alebo-plynu-popp-flow-stop-2","status":"publish","type":"product","link":"https:\/\/www.webstranka-eshop.sk\/tesel\/produkt\/ovladac-privodu-vody-alebo-plynu-popp-flow-stop-2\/","title":{"rendered":"Ovl\u00e1da\u010d pr\u00edvodu vody alebo plynu &#8211; POPP Flow Stop 2"},"content":{"rendered":"","protected":false},"excerpt":{"rendered":"","protected":false},"featured_media":15016,"comment_status":"closed","ping_status":"open","template":"","meta":[],"product_cat":[277,273],"product_tag":[],"class_list":["post-15015","product","type-product","status-publish","has-post-thumbnail","hentry","product_cat-prislusenstvo","product_cat-riadiace-jednotky","yith_product_brand-popp"],"_links":{"self":[{"href":"https:\/\/www.webstranka-eshop.sk\/tesel\/wp-json\/wp\/v2\/product\/15015","targetHints":{"allow":["GET"]}}],"collection":[{"href":"https:\/\/www.webstranka-eshop.sk\/tesel\/wp-json\/wp\/v2\/product"}],"about":[{"href":"https:\/\/www.webstranka-eshop.sk\/tesel\/wp-json\/wp\/v2\/types\/product"}],"replies":[{"embeddable":true,"href":"https:\/\/www.webstranka-eshop.sk\/tesel\/wp-json\/wp\/v2\/comments?post=15015"}],"wp:featuredmedia":[{"embeddable":true,"href":"https:\/\/www.webstranka-eshop.sk\/tesel\/wp-json\/wp\/v2\/media\/15016"}],"wp:attachment":[{"href":"https:\/\/www.webstranka-eshop.sk\/tesel\/wp-json\/wp\/v2\/media?parent=15015"}],"wp:term":[{"taxonomy":"product_cat","embeddable":true,"href":"https:\/\/www.webstranka-eshop.sk\/tesel\/wp-json\/wp\/v2\/product_cat?post=15015"},{"taxonomy":"product_tag","embeddable":true,"href":"https:\/\/www.webstranka-eshop.sk\/tesel\/wp-json\/wp\/v2\/product_tag?post=15015"}],"curies":[{"name":"wp","href":"https:\/\/api.w.org\/{rel}","templated":true}]}}