{"id":14995,"date":"2022-07-04T02:45:42","date_gmt":"2022-07-04T00:45:42","guid":{"rendered":"https:\/\/www.webstranka-eshop.sk\/tesel\/produkt\/heltun-micro-module-adapter-he-mma01-drziak-na-din-listu-pre-rele-moduly-heltun\/"},"modified":"2022-07-04T02:45:47","modified_gmt":"2022-07-04T00:45:47","slug":"heltun-micro-module-adapter-he-mma01-drziak-na-din-listu-pre-rele-moduly-heltun","status":"publish","type":"product","link":"https:\/\/www.webstranka-eshop.sk\/tesel\/produkt\/heltun-micro-module-adapter-he-mma01-drziak-na-din-listu-pre-rele-moduly-heltun\/","title":{"rendered":"HELTUN Micro Module Adapter (HE-MMA01), Dr\u017eiak na DIN li\u0161tu pre rel\u00e9 moduly HELTUN"},"content":{"rendered":"","protected":false},"excerpt":{"rendered":"","protected":false},"featured_media":14996,"comment_status":"closed","ping_status":"open","template":"","meta":[],"product_cat":[285,308],"product_tag":[],"class_list":["post-14995","product","type-product","status-publish","has-post-thumbnail","hentry","product_cat-chytre-riesenia","product_cat-osvetlenie","yith_product_brand-heltun"],"_links":{"self":[{"href":"https:\/\/www.webstranka-eshop.sk\/tesel\/wp-json\/wp\/v2\/product\/14995","targetHints":{"allow":["GET"]}}],"collection":[{"href":"https:\/\/www.webstranka-eshop.sk\/tesel\/wp-json\/wp\/v2\/product"}],"about":[{"href":"https:\/\/www.webstranka-eshop.sk\/tesel\/wp-json\/wp\/v2\/types\/product"}],"replies":[{"embeddable":true,"href":"https:\/\/www.webstranka-eshop.sk\/tesel\/wp-json\/wp\/v2\/comments?post=14995"}],"wp:featuredmedia":[{"embeddable":true,"href":"https:\/\/www.webstranka-eshop.sk\/tesel\/wp-json\/wp\/v2\/media\/14996"}],"wp:attachment":[{"href":"https:\/\/www.webstranka-eshop.sk\/tesel\/wp-json\/wp\/v2\/media?parent=14995"}],"wp:term":[{"taxonomy":"product_cat","embeddable":true,"href":"https:\/\/www.webstranka-eshop.sk\/tesel\/wp-json\/wp\/v2\/product_cat?post=14995"},{"taxonomy":"product_tag","embeddable":true,"href":"https:\/\/www.webstranka-eshop.sk\/tesel\/wp-json\/wp\/v2\/product_tag?post=14995"}],"curies":[{"name":"wp","href":"https:\/\/api.w.org\/{rel}","templated":true}]}}