{"id":14989,"date":"2022-07-04T02:45:42","date_gmt":"2022-07-04T00:45:42","guid":{"rendered":"https:\/\/www.webstranka-eshop.sk\/tesel\/produkt\/heltun-touch-panel-switch-quinto-he-tps05-mkk-z-wave-nastenny-vypinac-5-tlacidiel-cierny\/"},"modified":"2022-07-04T02:45:46","modified_gmt":"2022-07-04T00:45:46","slug":"heltun-touch-panel-switch-quinto-he-tps05-mkk-z-wave-nastenny-vypinac-5-tlacidiel-cierny","status":"publish","type":"product","link":"https:\/\/www.webstranka-eshop.sk\/tesel\/produkt\/heltun-touch-panel-switch-quinto-he-tps05-mkk-z-wave-nastenny-vypinac-5-tlacidiel-cierny\/","title":{"rendered":"HELTUN Touch Panel Switch Quinto (HE-TPS05-MKK), Z-Wave n\u00e1stenn\u00fd vyp\u00edna\u010d 5 tla\u010didiel, \u010cierny"},"content":{"rendered":"","protected":false},"excerpt":{"rendered":"","protected":false},"featured_media":14990,"comment_status":"closed","ping_status":"open","template":"","meta":[],"product_cat":[285,308],"product_tag":[],"class_list":["post-14989","product","type-product","status-publish","has-post-thumbnail","hentry","product_cat-chytre-riesenia","product_cat-osvetlenie","yith_product_brand-heltun"],"_links":{"self":[{"href":"https:\/\/www.webstranka-eshop.sk\/tesel\/wp-json\/wp\/v2\/product\/14989","targetHints":{"allow":["GET"]}}],"collection":[{"href":"https:\/\/www.webstranka-eshop.sk\/tesel\/wp-json\/wp\/v2\/product"}],"about":[{"href":"https:\/\/www.webstranka-eshop.sk\/tesel\/wp-json\/wp\/v2\/types\/product"}],"replies":[{"embeddable":true,"href":"https:\/\/www.webstranka-eshop.sk\/tesel\/wp-json\/wp\/v2\/comments?post=14989"}],"wp:featuredmedia":[{"embeddable":true,"href":"https:\/\/www.webstranka-eshop.sk\/tesel\/wp-json\/wp\/v2\/media\/14990"}],"wp:attachment":[{"href":"https:\/\/www.webstranka-eshop.sk\/tesel\/wp-json\/wp\/v2\/media?parent=14989"}],"wp:term":[{"taxonomy":"product_cat","embeddable":true,"href":"https:\/\/www.webstranka-eshop.sk\/tesel\/wp-json\/wp\/v2\/product_cat?post=14989"},{"taxonomy":"product_tag","embeddable":true,"href":"https:\/\/www.webstranka-eshop.sk\/tesel\/wp-json\/wp\/v2\/product_tag?post=14989"}],"curies":[{"name":"wp","href":"https:\/\/api.w.org\/{rel}","templated":true}]}}