{"id":14955,"date":"2022-07-04T02:45:37","date_gmt":"2022-07-04T00:45:37","guid":{"rendered":"https:\/\/www.webstranka-eshop.sk\/tesel\/produkt\/shelly-button1-bateriovy-ovladac-scen-wifi-cierna\/"},"modified":"2022-07-04T02:45:41","modified_gmt":"2022-07-04T00:45:41","slug":"shelly-button1-bateriovy-ovladac-scen-wifi-cierna","status":"publish","type":"product","link":"https:\/\/www.webstranka-eshop.sk\/tesel\/produkt\/shelly-button1-bateriovy-ovladac-scen-wifi-cierna\/","title":{"rendered":"Shelly Button1 &#8211; bat\u00e9riov\u00fd ovl\u00e1da\u010d sc\u00e9n (WiFi), \u010cierna"},"content":{"rendered":"","protected":false},"excerpt":{"rendered":"","protected":false},"featured_media":14956,"comment_status":"closed","ping_status":"open","template":"","meta":[],"product_cat":[361,360],"product_tag":[],"class_list":["post-14955","product","type-product","status-publish","has-post-thumbnail","hentry","product_cat-shelly","product_cat-wifi-lan","yith_product_brand-shelly"],"_links":{"self":[{"href":"https:\/\/www.webstranka-eshop.sk\/tesel\/wp-json\/wp\/v2\/product\/14955","targetHints":{"allow":["GET"]}}],"collection":[{"href":"https:\/\/www.webstranka-eshop.sk\/tesel\/wp-json\/wp\/v2\/product"}],"about":[{"href":"https:\/\/www.webstranka-eshop.sk\/tesel\/wp-json\/wp\/v2\/types\/product"}],"replies":[{"embeddable":true,"href":"https:\/\/www.webstranka-eshop.sk\/tesel\/wp-json\/wp\/v2\/comments?post=14955"}],"wp:featuredmedia":[{"embeddable":true,"href":"https:\/\/www.webstranka-eshop.sk\/tesel\/wp-json\/wp\/v2\/media\/14956"}],"wp:attachment":[{"href":"https:\/\/www.webstranka-eshop.sk\/tesel\/wp-json\/wp\/v2\/media?parent=14955"}],"wp:term":[{"taxonomy":"product_cat","embeddable":true,"href":"https:\/\/www.webstranka-eshop.sk\/tesel\/wp-json\/wp\/v2\/product_cat?post=14955"},{"taxonomy":"product_tag","embeddable":true,"href":"https:\/\/www.webstranka-eshop.sk\/tesel\/wp-json\/wp\/v2\/product_tag?post=14955"}],"curies":[{"name":"wp","href":"https:\/\/api.w.org\/{rel}","templated":true}]}}