{"id":14943,"date":"2022-07-04T02:45:37","date_gmt":"2022-07-04T00:45:37","guid":{"rendered":"https:\/\/www.webstranka-eshop.sk\/tesel\/produkt\/otocny-stmievac-heatit-z-dim\/"},"modified":"2022-07-04T02:45:39","modified_gmt":"2022-07-04T00:45:39","slug":"otocny-stmievac-heatit-z-dim","status":"publish","type":"product","link":"https:\/\/www.webstranka-eshop.sk\/tesel\/produkt\/otocny-stmievac-heatit-z-dim\/","title":{"rendered":"Oto\u010dn\u00fd stmieva\u010d &#8211; HEATIT Z-Dim"},"content":{"rendered":"","protected":false},"excerpt":{"rendered":"","protected":false},"featured_media":14944,"comment_status":"closed","ping_status":"open","template":"","meta":[],"product_cat":[281,282],"product_tag":[],"class_list":["post-14943","product","type-product","status-publish","has-post-thumbnail","hentry","product_cat-vypinace-a-stmievace","product_cat-z-wave-stmievace","yith_product_brand-thermo-floor-as"],"_links":{"self":[{"href":"https:\/\/www.webstranka-eshop.sk\/tesel\/wp-json\/wp\/v2\/product\/14943","targetHints":{"allow":["GET"]}}],"collection":[{"href":"https:\/\/www.webstranka-eshop.sk\/tesel\/wp-json\/wp\/v2\/product"}],"about":[{"href":"https:\/\/www.webstranka-eshop.sk\/tesel\/wp-json\/wp\/v2\/types\/product"}],"replies":[{"embeddable":true,"href":"https:\/\/www.webstranka-eshop.sk\/tesel\/wp-json\/wp\/v2\/comments?post=14943"}],"wp:featuredmedia":[{"embeddable":true,"href":"https:\/\/www.webstranka-eshop.sk\/tesel\/wp-json\/wp\/v2\/media\/14944"}],"wp:attachment":[{"href":"https:\/\/www.webstranka-eshop.sk\/tesel\/wp-json\/wp\/v2\/media?parent=14943"}],"wp:term":[{"taxonomy":"product_cat","embeddable":true,"href":"https:\/\/www.webstranka-eshop.sk\/tesel\/wp-json\/wp\/v2\/product_cat?post=14943"},{"taxonomy":"product_tag","embeddable":true,"href":"https:\/\/www.webstranka-eshop.sk\/tesel\/wp-json\/wp\/v2\/product_tag?post=14943"}],"curies":[{"name":"wp","href":"https:\/\/api.w.org\/{rel}","templated":true}]}}