{"id":14923,"date":"2022-07-04T02:45:37","date_gmt":"2022-07-04T00:45:37","guid":{"rendered":"https:\/\/www.webstranka-eshop.sk\/tesel\/produkt\/montazny-ram-fibaro-mounting-frame-schneider-fg-wx-as-4003\/"},"modified":"2022-07-04T02:45:38","modified_gmt":"2022-07-04T00:45:38","slug":"montazny-ram-fibaro-mounting-frame-schneider-fg-wx-as-4003","status":"publish","type":"product","link":"https:\/\/www.webstranka-eshop.sk\/tesel\/produkt\/montazny-ram-fibaro-mounting-frame-schneider-fg-wx-as-4003\/","title":{"rendered":"Mont\u00e1\u017eny r\u00e1m &#8211; FIBARO Mounting Frame Schneider (FG-Wx-AS-4003)"},"content":{"rendered":"","protected":false},"excerpt":{"rendered":"","protected":false},"featured_media":14924,"comment_status":"closed","ping_status":"open","template":"","meta":[],"product_cat":[285,308,337],"product_tag":[],"class_list":["post-14923","product","type-product","status-publish","has-post-thumbnail","hentry","product_cat-chytre-riesenia","product_cat-osvetlenie","product_cat-prislusenstvo-osvetlenie","yith_product_brand-fibaro"],"_links":{"self":[{"href":"https:\/\/www.webstranka-eshop.sk\/tesel\/wp-json\/wp\/v2\/product\/14923","targetHints":{"allow":["GET"]}}],"collection":[{"href":"https:\/\/www.webstranka-eshop.sk\/tesel\/wp-json\/wp\/v2\/product"}],"about":[{"href":"https:\/\/www.webstranka-eshop.sk\/tesel\/wp-json\/wp\/v2\/types\/product"}],"replies":[{"embeddable":true,"href":"https:\/\/www.webstranka-eshop.sk\/tesel\/wp-json\/wp\/v2\/comments?post=14923"}],"wp:featuredmedia":[{"embeddable":true,"href":"https:\/\/www.webstranka-eshop.sk\/tesel\/wp-json\/wp\/v2\/media\/14924"}],"wp:attachment":[{"href":"https:\/\/www.webstranka-eshop.sk\/tesel\/wp-json\/wp\/v2\/media?parent=14923"}],"wp:term":[{"taxonomy":"product_cat","embeddable":true,"href":"https:\/\/www.webstranka-eshop.sk\/tesel\/wp-json\/wp\/v2\/product_cat?post=14923"},{"taxonomy":"product_tag","embeddable":true,"href":"https:\/\/www.webstranka-eshop.sk\/tesel\/wp-json\/wp\/v2\/product_tag?post=14923"}],"curies":[{"name":"wp","href":"https:\/\/api.w.org\/{rel}","templated":true}]}}