{"id":14901,"date":"2022-07-04T02:45:32","date_gmt":"2022-07-04T00:45:32","guid":{"rendered":"https:\/\/www.webstranka-eshop.sk\/tesel\/produkt\/stolny-stojan-a8003-pre-doorbird-ip-vnutornu-jednotku-a1101-biely\/"},"modified":"2022-07-04T02:45:34","modified_gmt":"2022-07-04T00:45:34","slug":"stolny-stojan-a8003-pre-doorbird-ip-vnutornu-jednotku-a1101-biely","status":"publish","type":"product","link":"https:\/\/www.webstranka-eshop.sk\/tesel\/produkt\/stolny-stojan-a8003-pre-doorbird-ip-vnutornu-jednotku-a1101-biely\/","title":{"rendered":"Stoln\u00fd stojan A8003 pre DoorBird IP Vn\u00fatorn\u00fa jednotku A1101, biely"},"content":{"rendered":"","protected":false},"excerpt":{"rendered":"","protected":false},"featured_media":14902,"comment_status":"closed","ping_status":"open","template":"","meta":[],"product_cat":[285,314,313],"product_tag":[],"class_list":["post-14901","product","type-product","status-publish","has-post-thumbnail","hentry","product_cat-chytre-riesenia","product_cat-videovratnici-a-zvonceky","product_cat-zabezpecenie-domov-a-bytov","yith_product_brand-doorbird"],"_links":{"self":[{"href":"https:\/\/www.webstranka-eshop.sk\/tesel\/wp-json\/wp\/v2\/product\/14901","targetHints":{"allow":["GET"]}}],"collection":[{"href":"https:\/\/www.webstranka-eshop.sk\/tesel\/wp-json\/wp\/v2\/product"}],"about":[{"href":"https:\/\/www.webstranka-eshop.sk\/tesel\/wp-json\/wp\/v2\/types\/product"}],"replies":[{"embeddable":true,"href":"https:\/\/www.webstranka-eshop.sk\/tesel\/wp-json\/wp\/v2\/comments?post=14901"}],"wp:featuredmedia":[{"embeddable":true,"href":"https:\/\/www.webstranka-eshop.sk\/tesel\/wp-json\/wp\/v2\/media\/14902"}],"wp:attachment":[{"href":"https:\/\/www.webstranka-eshop.sk\/tesel\/wp-json\/wp\/v2\/media?parent=14901"}],"wp:term":[{"taxonomy":"product_cat","embeddable":true,"href":"https:\/\/www.webstranka-eshop.sk\/tesel\/wp-json\/wp\/v2\/product_cat?post=14901"},{"taxonomy":"product_tag","embeddable":true,"href":"https:\/\/www.webstranka-eshop.sk\/tesel\/wp-json\/wp\/v2\/product_tag?post=14901"}],"curies":[{"name":"wp","href":"https:\/\/api.w.org\/{rel}","templated":true}]}}