{"id":14899,"date":"2022-07-04T02:45:32","date_gmt":"2022-07-04T00:45:32","guid":{"rendered":"https:\/\/www.webstranka-eshop.sk\/tesel\/produkt\/doorbird-ip-vnutorna-jednotka-a1101-povrchova-montaz\/"},"modified":"2022-07-04T02:45:34","modified_gmt":"2022-07-04T00:45:34","slug":"doorbird-ip-vnutorna-jednotka-a1101-povrchova-montaz","status":"publish","type":"product","link":"https:\/\/www.webstranka-eshop.sk\/tesel\/produkt\/doorbird-ip-vnutorna-jednotka-a1101-povrchova-montaz\/","title":{"rendered":"DoorBird IP Vn\u00fatorn\u00e1 jednotka A1101, Povrchov\u00e1 mont\u00e1\u017e"},"content":{"rendered":"","protected":false},"excerpt":{"rendered":"","protected":false},"featured_media":14900,"comment_status":"closed","ping_status":"open","template":"","meta":[],"product_cat":[285,314,313],"product_tag":[],"class_list":["post-14899","product","type-product","status-publish","has-post-thumbnail","hentry","product_cat-chytre-riesenia","product_cat-videovratnici-a-zvonceky","product_cat-zabezpecenie-domov-a-bytov","yith_product_brand-doorbird"],"_links":{"self":[{"href":"https:\/\/www.webstranka-eshop.sk\/tesel\/wp-json\/wp\/v2\/product\/14899","targetHints":{"allow":["GET"]}}],"collection":[{"href":"https:\/\/www.webstranka-eshop.sk\/tesel\/wp-json\/wp\/v2\/product"}],"about":[{"href":"https:\/\/www.webstranka-eshop.sk\/tesel\/wp-json\/wp\/v2\/types\/product"}],"replies":[{"embeddable":true,"href":"https:\/\/www.webstranka-eshop.sk\/tesel\/wp-json\/wp\/v2\/comments?post=14899"}],"wp:featuredmedia":[{"embeddable":true,"href":"https:\/\/www.webstranka-eshop.sk\/tesel\/wp-json\/wp\/v2\/media\/14900"}],"wp:attachment":[{"href":"https:\/\/www.webstranka-eshop.sk\/tesel\/wp-json\/wp\/v2\/media?parent=14899"}],"wp:term":[{"taxonomy":"product_cat","embeddable":true,"href":"https:\/\/www.webstranka-eshop.sk\/tesel\/wp-json\/wp\/v2\/product_cat?post=14899"},{"taxonomy":"product_tag","embeddable":true,"href":"https:\/\/www.webstranka-eshop.sk\/tesel\/wp-json\/wp\/v2\/product_tag?post=14899"}],"curies":[{"name":"wp","href":"https:\/\/api.w.org\/{rel}","templated":true}]}}