{"id":14893,"date":"2022-07-04T02:45:32","date_gmt":"2022-07-04T00:45:32","guid":{"rendered":"https:\/\/www.webstranka-eshop.sk\/tesel\/produkt\/inteligentny-zaluziovy-vypinac-fibaro-walli-roller-shutter-fgwreu-111-10ks\/"},"modified":"2022-07-04T02:45:33","modified_gmt":"2022-07-04T00:45:33","slug":"inteligentny-zaluziovy-vypinac-fibaro-walli-roller-shutter-fgwreu-111-10ks","status":"publish","type":"product","link":"https:\/\/www.webstranka-eshop.sk\/tesel\/produkt\/inteligentny-zaluziovy-vypinac-fibaro-walli-roller-shutter-fgwreu-111-10ks\/","title":{"rendered":"Inteligentn\u00fd \u017eal\u00faziov\u00fd vyp\u00edna\u010d &#8211; FIBARO Walli Roller Shutter (FGWREU-111), 10ks"},"content":{"rendered":"","protected":false},"excerpt":{"rendered":"","protected":false},"featured_media":14894,"comment_status":"closed","ping_status":"open","template":"","meta":[],"product_cat":[289],"product_tag":[],"class_list":["post-14893","product","type-product","status-publish","has-post-thumbnail","hentry","product_cat-ovladace-na-zaluzie-rolety-markizy-a-brany","yith_product_brand-fibaro"],"_links":{"self":[{"href":"https:\/\/www.webstranka-eshop.sk\/tesel\/wp-json\/wp\/v2\/product\/14893","targetHints":{"allow":["GET"]}}],"collection":[{"href":"https:\/\/www.webstranka-eshop.sk\/tesel\/wp-json\/wp\/v2\/product"}],"about":[{"href":"https:\/\/www.webstranka-eshop.sk\/tesel\/wp-json\/wp\/v2\/types\/product"}],"replies":[{"embeddable":true,"href":"https:\/\/www.webstranka-eshop.sk\/tesel\/wp-json\/wp\/v2\/comments?post=14893"}],"wp:featuredmedia":[{"embeddable":true,"href":"https:\/\/www.webstranka-eshop.sk\/tesel\/wp-json\/wp\/v2\/media\/14894"}],"wp:attachment":[{"href":"https:\/\/www.webstranka-eshop.sk\/tesel\/wp-json\/wp\/v2\/media?parent=14893"}],"wp:term":[{"taxonomy":"product_cat","embeddable":true,"href":"https:\/\/www.webstranka-eshop.sk\/tesel\/wp-json\/wp\/v2\/product_cat?post=14893"},{"taxonomy":"product_tag","embeddable":true,"href":"https:\/\/www.webstranka-eshop.sk\/tesel\/wp-json\/wp\/v2\/product_tag?post=14893"}],"curies":[{"name":"wp","href":"https:\/\/api.w.org\/{rel}","templated":true}]}}