{"id":14879,"date":"2022-07-04T02:45:32","date_gmt":"2022-07-04T00:45:32","guid":{"rendered":"https:\/\/www.webstranka-eshop.sk\/tesel\/produkt\/doorbird-d1101v-povrchova-montaz-nehrdzavejuca-ocel-v2a-lesteny\/"},"modified":"2022-07-04T02:45:32","modified_gmt":"2022-07-04T00:45:32","slug":"doorbird-d1101v-povrchova-montaz-nehrdzavejuca-ocel-v2a-lesteny","status":"publish","type":"product","link":"https:\/\/www.webstranka-eshop.sk\/tesel\/produkt\/doorbird-d1101v-povrchova-montaz-nehrdzavejuca-ocel-v2a-lesteny\/","title":{"rendered":"DoorBird D1101V, Povrchov\u00e1 mont\u00e1\u017e, Nehrdzavej\u00faca oce\u013e V2A, Le\u0161ten\u00fd"},"content":{"rendered":"","protected":false},"excerpt":{"rendered":"","protected":false},"featured_media":14880,"comment_status":"closed","ping_status":"open","template":"","meta":[],"product_cat":[285,314,313],"product_tag":[],"class_list":["post-14879","product","type-product","status-publish","has-post-thumbnail","hentry","product_cat-chytre-riesenia","product_cat-videovratnici-a-zvonceky","product_cat-zabezpecenie-domov-a-bytov","yith_product_brand-doorbird"],"_links":{"self":[{"href":"https:\/\/www.webstranka-eshop.sk\/tesel\/wp-json\/wp\/v2\/product\/14879","targetHints":{"allow":["GET"]}}],"collection":[{"href":"https:\/\/www.webstranka-eshop.sk\/tesel\/wp-json\/wp\/v2\/product"}],"about":[{"href":"https:\/\/www.webstranka-eshop.sk\/tesel\/wp-json\/wp\/v2\/types\/product"}],"replies":[{"embeddable":true,"href":"https:\/\/www.webstranka-eshop.sk\/tesel\/wp-json\/wp\/v2\/comments?post=14879"}],"wp:featuredmedia":[{"embeddable":true,"href":"https:\/\/www.webstranka-eshop.sk\/tesel\/wp-json\/wp\/v2\/media\/14880"}],"wp:attachment":[{"href":"https:\/\/www.webstranka-eshop.sk\/tesel\/wp-json\/wp\/v2\/media?parent=14879"}],"wp:term":[{"taxonomy":"product_cat","embeddable":true,"href":"https:\/\/www.webstranka-eshop.sk\/tesel\/wp-json\/wp\/v2\/product_cat?post=14879"},{"taxonomy":"product_tag","embeddable":true,"href":"https:\/\/www.webstranka-eshop.sk\/tesel\/wp-json\/wp\/v2\/product_tag?post=14879"}],"curies":[{"name":"wp","href":"https:\/\/api.w.org\/{rel}","templated":true}]}}