{"id":14875,"date":"2022-07-04T02:45:26","date_gmt":"2022-07-04T00:45:26","guid":{"rendered":"https:\/\/www.webstranka-eshop.sk\/tesel\/produkt\/nahradne-tlacidlo-so-svetlovodom-fibaro-walli-switch-button-with-lightguide-fg-wdseu221-as-8100\/"},"modified":"2022-07-04T02:45:30","modified_gmt":"2022-07-04T00:45:30","slug":"nahradne-tlacidlo-so-svetlovodom-fibaro-walli-switch-button-with-lightguide-fg-wdseu221-as-8100","status":"publish","type":"product","link":"https:\/\/www.webstranka-eshop.sk\/tesel\/produkt\/nahradne-tlacidlo-so-svetlovodom-fibaro-walli-switch-button-with-lightguide-fg-wdseu221-as-8100\/","title":{"rendered":"N\u00e1hradn\u00e9 tla\u010didlo so svetlovodom &#8211; FIBARO Walli Switch Button with lightguide (FG-WDSEU221-AS-8100)"},"content":{"rendered":"","protected":false},"excerpt":{"rendered":"","protected":false},"featured_media":14876,"comment_status":"closed","ping_status":"open","template":"","meta":[],"product_cat":[285,308,337],"product_tag":[],"class_list":["post-14875","product","type-product","status-publish","has-post-thumbnail","hentry","product_cat-chytre-riesenia","product_cat-osvetlenie","product_cat-prislusenstvo-osvetlenie","yith_product_brand-fibaro"],"_links":{"self":[{"href":"https:\/\/www.webstranka-eshop.sk\/tesel\/wp-json\/wp\/v2\/product\/14875","targetHints":{"allow":["GET"]}}],"collection":[{"href":"https:\/\/www.webstranka-eshop.sk\/tesel\/wp-json\/wp\/v2\/product"}],"about":[{"href":"https:\/\/www.webstranka-eshop.sk\/tesel\/wp-json\/wp\/v2\/types\/product"}],"replies":[{"embeddable":true,"href":"https:\/\/www.webstranka-eshop.sk\/tesel\/wp-json\/wp\/v2\/comments?post=14875"}],"wp:featuredmedia":[{"embeddable":true,"href":"https:\/\/www.webstranka-eshop.sk\/tesel\/wp-json\/wp\/v2\/media\/14876"}],"wp:attachment":[{"href":"https:\/\/www.webstranka-eshop.sk\/tesel\/wp-json\/wp\/v2\/media?parent=14875"}],"wp:term":[{"taxonomy":"product_cat","embeddable":true,"href":"https:\/\/www.webstranka-eshop.sk\/tesel\/wp-json\/wp\/v2\/product_cat?post=14875"},{"taxonomy":"product_tag","embeddable":true,"href":"https:\/\/www.webstranka-eshop.sk\/tesel\/wp-json\/wp\/v2\/product_tag?post=14875"}],"curies":[{"name":"wp","href":"https:\/\/api.w.org\/{rel}","templated":true}]}}