{"id":14861,"date":"2022-07-04T02:45:26","date_gmt":"2022-07-04T00:45:26","guid":{"rendered":"https:\/\/www.webstranka-eshop.sk\/tesel\/produkt\/zigbee-ovladac-scen-aqara-cube-mfkzq01lm\/"},"modified":"2022-07-04T02:45:29","modified_gmt":"2022-07-04T00:45:29","slug":"zigbee-ovladac-scen-aqara-cube-mfkzq01lm","status":"publish","type":"product","link":"https:\/\/www.webstranka-eshop.sk\/tesel\/produkt\/zigbee-ovladac-scen-aqara-cube-mfkzq01lm\/","title":{"rendered":"Zigbee ovl\u00e1da\u010d sc\u00e9n &#8211; AQARA Cube (MFKZQ01LM)"},"content":{"rendered":"","protected":false},"excerpt":{"rendered":"","protected":false},"featured_media":14862,"comment_status":"closed","ping_status":"open","template":"","meta":[],"product_cat":[374,373],"product_tag":[],"class_list":["post-14861","product","type-product","status-publish","has-post-thumbnail","hentry","product_cat-xiaomi-aqara","product_cat-zigbee","yith_product_brand-aqara"],"_links":{"self":[{"href":"https:\/\/www.webstranka-eshop.sk\/tesel\/wp-json\/wp\/v2\/product\/14861","targetHints":{"allow":["GET"]}}],"collection":[{"href":"https:\/\/www.webstranka-eshop.sk\/tesel\/wp-json\/wp\/v2\/product"}],"about":[{"href":"https:\/\/www.webstranka-eshop.sk\/tesel\/wp-json\/wp\/v2\/types\/product"}],"replies":[{"embeddable":true,"href":"https:\/\/www.webstranka-eshop.sk\/tesel\/wp-json\/wp\/v2\/comments?post=14861"}],"wp:featuredmedia":[{"embeddable":true,"href":"https:\/\/www.webstranka-eshop.sk\/tesel\/wp-json\/wp\/v2\/media\/14862"}],"wp:attachment":[{"href":"https:\/\/www.webstranka-eshop.sk\/tesel\/wp-json\/wp\/v2\/media?parent=14861"}],"wp:term":[{"taxonomy":"product_cat","embeddable":true,"href":"https:\/\/www.webstranka-eshop.sk\/tesel\/wp-json\/wp\/v2\/product_cat?post=14861"},{"taxonomy":"product_tag","embeddable":true,"href":"https:\/\/www.webstranka-eshop.sk\/tesel\/wp-json\/wp\/v2\/product_tag?post=14861"}],"curies":[{"name":"wp","href":"https:\/\/api.w.org\/{rel}","templated":true}]}}