{"id":14827,"date":"2022-07-04T02:45:21","date_gmt":"2022-07-04T00:45:21","guid":{"rendered":"https:\/\/www.webstranka-eshop.sk\/tesel\/produkt\/litiova-bateria-energizer-cr2032-3v-1-ks\/"},"modified":"2022-07-04T02:45:24","modified_gmt":"2022-07-04T00:45:24","slug":"litiova-bateria-energizer-cr2032-3v-1-ks","status":"publish","type":"product","link":"https:\/\/www.webstranka-eshop.sk\/tesel\/produkt\/litiova-bateria-energizer-cr2032-3v-1-ks\/","title":{"rendered":"L\u00edtiov\u00e1 bat\u00e9ria Energizer CR2032 3V, 1 ks"},"content":{"rendered":"","protected":false},"excerpt":{"rendered":"","protected":false},"featured_media":14828,"comment_status":"closed","ping_status":"open","template":"","meta":[],"product_cat":[285,305,334],"product_tag":[],"class_list":["post-14827","product","type-product","status-publish","has-post-thumbnail","hentry","product_cat-chytre-riesenia","product_cat-inteligentne-riadenie","product_cat-prislusenstvo-inteligentne-riadenie","yith_product_brand-energizer"],"_links":{"self":[{"href":"https:\/\/www.webstranka-eshop.sk\/tesel\/wp-json\/wp\/v2\/product\/14827","targetHints":{"allow":["GET"]}}],"collection":[{"href":"https:\/\/www.webstranka-eshop.sk\/tesel\/wp-json\/wp\/v2\/product"}],"about":[{"href":"https:\/\/www.webstranka-eshop.sk\/tesel\/wp-json\/wp\/v2\/types\/product"}],"replies":[{"embeddable":true,"href":"https:\/\/www.webstranka-eshop.sk\/tesel\/wp-json\/wp\/v2\/comments?post=14827"}],"wp:featuredmedia":[{"embeddable":true,"href":"https:\/\/www.webstranka-eshop.sk\/tesel\/wp-json\/wp\/v2\/media\/14828"}],"wp:attachment":[{"href":"https:\/\/www.webstranka-eshop.sk\/tesel\/wp-json\/wp\/v2\/media?parent=14827"}],"wp:term":[{"taxonomy":"product_cat","embeddable":true,"href":"https:\/\/www.webstranka-eshop.sk\/tesel\/wp-json\/wp\/v2\/product_cat?post=14827"},{"taxonomy":"product_tag","embeddable":true,"href":"https:\/\/www.webstranka-eshop.sk\/tesel\/wp-json\/wp\/v2\/product_tag?post=14827"}],"curies":[{"name":"wp","href":"https:\/\/api.w.org\/{rel}","templated":true}]}}