{"id":14825,"date":"2022-07-04T02:45:21","date_gmt":"2022-07-04T00:45:21","guid":{"rendered":"https:\/\/www.webstranka-eshop.sk\/tesel\/produkt\/ds18b20-digitalny-one-wire-teplotny-senzor-pre-pridavny-modul-urceny-pre-shelly-1-1pm\/"},"modified":"2022-07-04T02:45:24","modified_gmt":"2022-07-04T00:45:24","slug":"ds18b20-digitalny-one-wire-teplotny-senzor-pre-pridavny-modul-urceny-pre-shelly-1-1pm","status":"publish","type":"product","link":"https:\/\/www.webstranka-eshop.sk\/tesel\/produkt\/ds18b20-digitalny-one-wire-teplotny-senzor-pre-pridavny-modul-urceny-pre-shelly-1-1pm\/","title":{"rendered":"DS18B20 Digit\u00e1lny One-Wire teplotn\u00fd senzor pre pr\u00eddavn\u00fd modul ur\u010den\u00fd pre Shelly 1\/1PM"},"content":{"rendered":"","protected":false},"excerpt":{"rendered":"","protected":false},"featured_media":14826,"comment_status":"closed","ping_status":"open","template":"","meta":[],"product_cat":[361,360],"product_tag":[],"class_list":["post-14825","product","type-product","status-publish","has-post-thumbnail","hentry","product_cat-shelly","product_cat-wifi-lan","yith_product_brand-shelly"],"_links":{"self":[{"href":"https:\/\/www.webstranka-eshop.sk\/tesel\/wp-json\/wp\/v2\/product\/14825","targetHints":{"allow":["GET"]}}],"collection":[{"href":"https:\/\/www.webstranka-eshop.sk\/tesel\/wp-json\/wp\/v2\/product"}],"about":[{"href":"https:\/\/www.webstranka-eshop.sk\/tesel\/wp-json\/wp\/v2\/types\/product"}],"replies":[{"embeddable":true,"href":"https:\/\/www.webstranka-eshop.sk\/tesel\/wp-json\/wp\/v2\/comments?post=14825"}],"wp:featuredmedia":[{"embeddable":true,"href":"https:\/\/www.webstranka-eshop.sk\/tesel\/wp-json\/wp\/v2\/media\/14826"}],"wp:attachment":[{"href":"https:\/\/www.webstranka-eshop.sk\/tesel\/wp-json\/wp\/v2\/media?parent=14825"}],"wp:term":[{"taxonomy":"product_cat","embeddable":true,"href":"https:\/\/www.webstranka-eshop.sk\/tesel\/wp-json\/wp\/v2\/product_cat?post=14825"},{"taxonomy":"product_tag","embeddable":true,"href":"https:\/\/www.webstranka-eshop.sk\/tesel\/wp-json\/wp\/v2\/product_tag?post=14825"}],"curies":[{"name":"wp","href":"https:\/\/api.w.org\/{rel}","templated":true}]}}