{"id":14823,"date":"2022-07-04T02:45:21","date_gmt":"2022-07-04T00:45:21","guid":{"rendered":"https:\/\/www.webstranka-eshop.sk\/tesel\/produkt\/pridavny-modul-na-pripojenie-teplotneho-senzora-ds18b20-pre-shelly-1-1pm-shelly-temperature-sensor-addon-for-shelly-1-1pm\/"},"modified":"2022-07-04T02:45:24","modified_gmt":"2022-07-04T00:45:24","slug":"pridavny-modul-na-pripojenie-teplotneho-senzora-ds18b20-pre-shelly-1-1pm-shelly-temperature-sensor-addon-for-shelly-1-1pm","status":"publish","type":"product","link":"https:\/\/www.webstranka-eshop.sk\/tesel\/produkt\/pridavny-modul-na-pripojenie-teplotneho-senzora-ds18b20-pre-shelly-1-1pm-shelly-temperature-sensor-addon-for-shelly-1-1pm\/","title":{"rendered":"Pr\u00eddavn\u00fd modul na pripojenie teplotn\u00e9ho senzora DS18B20 pre Shelly 1\/1PM &#8211; Shelly Temperature Sensor Addon for Shelly 1\/1PM"},"content":{"rendered":"","protected":false},"excerpt":{"rendered":"","protected":false},"featured_media":14824,"comment_status":"closed","ping_status":"open","template":"","meta":[],"product_cat":[361,360],"product_tag":[],"class_list":["post-14823","product","type-product","status-publish","has-post-thumbnail","hentry","product_cat-shelly","product_cat-wifi-lan","yith_product_brand-shelly"],"_links":{"self":[{"href":"https:\/\/www.webstranka-eshop.sk\/tesel\/wp-json\/wp\/v2\/product\/14823","targetHints":{"allow":["GET"]}}],"collection":[{"href":"https:\/\/www.webstranka-eshop.sk\/tesel\/wp-json\/wp\/v2\/product"}],"about":[{"href":"https:\/\/www.webstranka-eshop.sk\/tesel\/wp-json\/wp\/v2\/types\/product"}],"replies":[{"embeddable":true,"href":"https:\/\/www.webstranka-eshop.sk\/tesel\/wp-json\/wp\/v2\/comments?post=14823"}],"wp:featuredmedia":[{"embeddable":true,"href":"https:\/\/www.webstranka-eshop.sk\/tesel\/wp-json\/wp\/v2\/media\/14824"}],"wp:attachment":[{"href":"https:\/\/www.webstranka-eshop.sk\/tesel\/wp-json\/wp\/v2\/media?parent=14823"}],"wp:term":[{"taxonomy":"product_cat","embeddable":true,"href":"https:\/\/www.webstranka-eshop.sk\/tesel\/wp-json\/wp\/v2\/product_cat?post=14823"},{"taxonomy":"product_tag","embeddable":true,"href":"https:\/\/www.webstranka-eshop.sk\/tesel\/wp-json\/wp\/v2\/product_tag?post=14823"}],"curies":[{"name":"wp","href":"https:\/\/api.w.org\/{rel}","templated":true}]}}