{"id":14731,"date":"2022-07-04T02:45:09","date_gmt":"2022-07-04T00:45:09","guid":{"rendered":"https:\/\/www.webstranka-eshop.sk\/tesel\/produkt\/dialkovy-ovladac-aeotec-nanomote-quad-zwa003-c\/"},"modified":"2022-07-04T02:45:10","modified_gmt":"2022-07-04T00:45:10","slug":"dialkovy-ovladac-aeotec-nanomote-quad-zwa003-c","status":"publish","type":"product","link":"https:\/\/www.webstranka-eshop.sk\/tesel\/produkt\/dialkovy-ovladac-aeotec-nanomote-quad-zwa003-c\/","title":{"rendered":"Dia\u013ekov\u00fd ovl\u00e1da\u010d &#8211; AEOTEC NanoMote Quad (ZWA003-C)"},"content":{"rendered":"","protected":false},"excerpt":{"rendered":"","protected":false},"featured_media":14732,"comment_status":"closed","ping_status":"open","template":"","meta":[],"product_cat":[285,306,305],"product_tag":[],"class_list":["post-14731","product","type-product","status-publish","has-post-thumbnail","hentry","product_cat-chytre-riesenia","product_cat-dialkove-ovladace-inteligentne-riadenie","product_cat-inteligentne-riadenie","yith_product_brand-aeotec"],"_links":{"self":[{"href":"https:\/\/www.webstranka-eshop.sk\/tesel\/wp-json\/wp\/v2\/product\/14731","targetHints":{"allow":["GET"]}}],"collection":[{"href":"https:\/\/www.webstranka-eshop.sk\/tesel\/wp-json\/wp\/v2\/product"}],"about":[{"href":"https:\/\/www.webstranka-eshop.sk\/tesel\/wp-json\/wp\/v2\/types\/product"}],"replies":[{"embeddable":true,"href":"https:\/\/www.webstranka-eshop.sk\/tesel\/wp-json\/wp\/v2\/comments?post=14731"}],"wp:featuredmedia":[{"embeddable":true,"href":"https:\/\/www.webstranka-eshop.sk\/tesel\/wp-json\/wp\/v2\/media\/14732"}],"wp:attachment":[{"href":"https:\/\/www.webstranka-eshop.sk\/tesel\/wp-json\/wp\/v2\/media?parent=14731"}],"wp:term":[{"taxonomy":"product_cat","embeddable":true,"href":"https:\/\/www.webstranka-eshop.sk\/tesel\/wp-json\/wp\/v2\/product_cat?post=14731"},{"taxonomy":"product_tag","embeddable":true,"href":"https:\/\/www.webstranka-eshop.sk\/tesel\/wp-json\/wp\/v2\/product_tag?post=14731"}],"curies":[{"name":"wp","href":"https:\/\/api.w.org\/{rel}","templated":true}]}}