{"id":14715,"date":"2022-07-04T02:45:02","date_gmt":"2022-07-04T00:45:02","guid":{"rendered":"https:\/\/www.webstranka-eshop.sk\/tesel\/produkt\/vnutorna-sirena-aeotec-siren-6-zw164-c\/"},"modified":"2022-07-04T02:45:06","modified_gmt":"2022-07-04T00:45:06","slug":"vnutorna-sirena-aeotec-siren-6-zw164-c","status":"publish","type":"product","link":"https:\/\/www.webstranka-eshop.sk\/tesel\/produkt\/vnutorna-sirena-aeotec-siren-6-zw164-c\/","title":{"rendered":"Vn\u00fatorn\u00e1 sir\u00e9na &#8211; AEOTEC Siren 6 (ZW164-C)"},"content":{"rendered":"","protected":false},"excerpt":{"rendered":"","protected":false},"featured_media":14716,"comment_status":"closed","ping_status":"open","template":"","meta":[],"product_cat":[340,285,313],"product_tag":[],"class_list":["post-14715","product","type-product","status-publish","has-post-thumbnail","hentry","product_cat-alarmy","product_cat-chytre-riesenia","product_cat-zabezpecenie-domov-a-bytov","yith_product_brand-aeotec"],"_links":{"self":[{"href":"https:\/\/www.webstranka-eshop.sk\/tesel\/wp-json\/wp\/v2\/product\/14715","targetHints":{"allow":["GET"]}}],"collection":[{"href":"https:\/\/www.webstranka-eshop.sk\/tesel\/wp-json\/wp\/v2\/product"}],"about":[{"href":"https:\/\/www.webstranka-eshop.sk\/tesel\/wp-json\/wp\/v2\/types\/product"}],"replies":[{"embeddable":true,"href":"https:\/\/www.webstranka-eshop.sk\/tesel\/wp-json\/wp\/v2\/comments?post=14715"}],"wp:featuredmedia":[{"embeddable":true,"href":"https:\/\/www.webstranka-eshop.sk\/tesel\/wp-json\/wp\/v2\/media\/14716"}],"wp:attachment":[{"href":"https:\/\/www.webstranka-eshop.sk\/tesel\/wp-json\/wp\/v2\/media?parent=14715"}],"wp:term":[{"taxonomy":"product_cat","embeddable":true,"href":"https:\/\/www.webstranka-eshop.sk\/tesel\/wp-json\/wp\/v2\/product_cat?post=14715"},{"taxonomy":"product_tag","embeddable":true,"href":"https:\/\/www.webstranka-eshop.sk\/tesel\/wp-json\/wp\/v2\/product_tag?post=14715"}],"curies":[{"name":"wp","href":"https:\/\/api.w.org\/{rel}","templated":true}]}}