{"id":14707,"date":"2022-07-04T02:45:02","date_gmt":"2022-07-04T00:45:02","guid":{"rendered":"https:\/\/www.webstranka-eshop.sk\/tesel\/produkt\/dvojramik-pre-vypinace-walli-fibaro-walli-double-cover-plate-fg-wx-pp-0003\/"},"modified":"2022-07-04T02:45:06","modified_gmt":"2022-07-04T00:45:06","slug":"dvojramik-pre-vypinace-walli-fibaro-walli-double-cover-plate-fg-wx-pp-0003","status":"publish","type":"product","link":"https:\/\/www.webstranka-eshop.sk\/tesel\/produkt\/dvojramik-pre-vypinace-walli-fibaro-walli-double-cover-plate-fg-wx-pp-0003\/","title":{"rendered":"Dvojr\u00e1mik pre vyp\u00edna\u010de Walli &#8211; FIBARO Walli Double Cover Plate (FG-Wx-PP-0003)"},"content":{"rendered":"","protected":false},"excerpt":{"rendered":"","protected":false},"featured_media":14708,"comment_status":"closed","ping_status":"open","template":"","meta":[],"product_cat":[285,308,337],"product_tag":[],"class_list":["post-14707","product","type-product","status-publish","has-post-thumbnail","hentry","product_cat-chytre-riesenia","product_cat-osvetlenie","product_cat-prislusenstvo-osvetlenie","yith_product_brand-fibaro"],"_links":{"self":[{"href":"https:\/\/www.webstranka-eshop.sk\/tesel\/wp-json\/wp\/v2\/product\/14707","targetHints":{"allow":["GET"]}}],"collection":[{"href":"https:\/\/www.webstranka-eshop.sk\/tesel\/wp-json\/wp\/v2\/product"}],"about":[{"href":"https:\/\/www.webstranka-eshop.sk\/tesel\/wp-json\/wp\/v2\/types\/product"}],"replies":[{"embeddable":true,"href":"https:\/\/www.webstranka-eshop.sk\/tesel\/wp-json\/wp\/v2\/comments?post=14707"}],"wp:featuredmedia":[{"embeddable":true,"href":"https:\/\/www.webstranka-eshop.sk\/tesel\/wp-json\/wp\/v2\/media\/14708"}],"wp:attachment":[{"href":"https:\/\/www.webstranka-eshop.sk\/tesel\/wp-json\/wp\/v2\/media?parent=14707"}],"wp:term":[{"taxonomy":"product_cat","embeddable":true,"href":"https:\/\/www.webstranka-eshop.sk\/tesel\/wp-json\/wp\/v2\/product_cat?post=14707"},{"taxonomy":"product_tag","embeddable":true,"href":"https:\/\/www.webstranka-eshop.sk\/tesel\/wp-json\/wp\/v2\/product_tag?post=14707"}],"curies":[{"name":"wp","href":"https:\/\/api.w.org\/{rel}","templated":true}]}}