{"id":14636,"date":"2022-07-04T02:44:49","date_gmt":"2022-07-04T00:44:49","guid":{"rendered":"https:\/\/www.webstranka-eshop.sk\/tesel\/produkt\/zaluziovy-modul-fibaro-roller-shutter-3-fgr-223\/"},"modified":"2022-07-04T02:44:53","modified_gmt":"2022-07-04T00:44:53","slug":"zaluziovy-modul-fibaro-roller-shutter-3-fgr-223","status":"publish","type":"product","link":"https:\/\/www.webstranka-eshop.sk\/tesel\/produkt\/zaluziovy-modul-fibaro-roller-shutter-3-fgr-223\/","title":{"rendered":"\u017dal\u00faziov\u00fd modul &#8211; FIBARO Roller Shutter 3 (FGR-223)"},"content":{"rendered":"","protected":false},"excerpt":{"rendered":"","protected":false},"featured_media":14637,"comment_status":"closed","ping_status":"open","template":"","meta":[],"product_cat":[289],"product_tag":[],"class_list":["post-14636","product","type-product","status-publish","has-post-thumbnail","hentry","product_cat-ovladace-na-zaluzie-rolety-markizy-a-brany","yith_product_brand-fibaro"],"_links":{"self":[{"href":"https:\/\/www.webstranka-eshop.sk\/tesel\/wp-json\/wp\/v2\/product\/14636","targetHints":{"allow":["GET"]}}],"collection":[{"href":"https:\/\/www.webstranka-eshop.sk\/tesel\/wp-json\/wp\/v2\/product"}],"about":[{"href":"https:\/\/www.webstranka-eshop.sk\/tesel\/wp-json\/wp\/v2\/types\/product"}],"replies":[{"embeddable":true,"href":"https:\/\/www.webstranka-eshop.sk\/tesel\/wp-json\/wp\/v2\/comments?post=14636"}],"wp:featuredmedia":[{"embeddable":true,"href":"https:\/\/www.webstranka-eshop.sk\/tesel\/wp-json\/wp\/v2\/media\/14637"}],"wp:attachment":[{"href":"https:\/\/www.webstranka-eshop.sk\/tesel\/wp-json\/wp\/v2\/media?parent=14636"}],"wp:term":[{"taxonomy":"product_cat","embeddable":true,"href":"https:\/\/www.webstranka-eshop.sk\/tesel\/wp-json\/wp\/v2\/product_cat?post=14636"},{"taxonomy":"product_tag","embeddable":true,"href":"https:\/\/www.webstranka-eshop.sk\/tesel\/wp-json\/wp\/v2\/product_tag?post=14636"}],"curies":[{"name":"wp","href":"https:\/\/api.w.org\/{rel}","templated":true}]}}