{"id":14634,"date":"2022-07-04T02:44:49","date_gmt":"2022-07-04T00:44:49","guid":{"rendered":"https:\/\/www.webstranka-eshop.sk\/tesel\/produkt\/popp-vonkajsia-solarna-sirena-2\/"},"modified":"2022-07-04T02:44:53","modified_gmt":"2022-07-04T00:44:53","slug":"popp-vonkajsia-solarna-sirena-2","status":"publish","type":"product","link":"https:\/\/www.webstranka-eshop.sk\/tesel\/produkt\/popp-vonkajsia-solarna-sirena-2\/","title":{"rendered":"POPP Vonkaj\u0161ia Sol\u00e1rna Sir\u00e9na 2"},"content":{"rendered":"","protected":false},"excerpt":{"rendered":"","protected":false},"featured_media":14635,"comment_status":"closed","ping_status":"open","template":"","meta":[],"product_cat":[276],"product_tag":[],"class_list":["post-14634","product","type-product","status-publish","has-post-thumbnail","hentry","product_cat-senzory-a-detektory","yith_product_brand-popp"],"_links":{"self":[{"href":"https:\/\/www.webstranka-eshop.sk\/tesel\/wp-json\/wp\/v2\/product\/14634","targetHints":{"allow":["GET"]}}],"collection":[{"href":"https:\/\/www.webstranka-eshop.sk\/tesel\/wp-json\/wp\/v2\/product"}],"about":[{"href":"https:\/\/www.webstranka-eshop.sk\/tesel\/wp-json\/wp\/v2\/types\/product"}],"replies":[{"embeddable":true,"href":"https:\/\/www.webstranka-eshop.sk\/tesel\/wp-json\/wp\/v2\/comments?post=14634"}],"wp:featuredmedia":[{"embeddable":true,"href":"https:\/\/www.webstranka-eshop.sk\/tesel\/wp-json\/wp\/v2\/media\/14635"}],"wp:attachment":[{"href":"https:\/\/www.webstranka-eshop.sk\/tesel\/wp-json\/wp\/v2\/media?parent=14634"}],"wp:term":[{"taxonomy":"product_cat","embeddable":true,"href":"https:\/\/www.webstranka-eshop.sk\/tesel\/wp-json\/wp\/v2\/product_cat?post=14634"},{"taxonomy":"product_tag","embeddable":true,"href":"https:\/\/www.webstranka-eshop.sk\/tesel\/wp-json\/wp\/v2\/product_tag?post=14634"}],"curies":[{"name":"wp","href":"https:\/\/api.w.org\/{rel}","templated":true}]}}