{"id":14632,"date":"2022-07-04T02:44:49","date_gmt":"2022-07-04T00:44:49","guid":{"rendered":"https:\/\/www.webstranka-eshop.sk\/tesel\/produkt\/popp-inteligentna-outdoorova-zasuvka-schuko\/"},"modified":"2022-07-04T02:44:53","modified_gmt":"2022-07-04T00:44:53","slug":"popp-inteligentna-outdoorova-zasuvka-schuko","status":"publish","type":"product","link":"https:\/\/www.webstranka-eshop.sk\/tesel\/produkt\/popp-inteligentna-outdoorova-zasuvka-schuko\/","title":{"rendered":"POPP Inteligentn\u00e1 Outdoorov\u00e1 Z\u00e1suvka (Schuko)"},"content":{"rendered":"","protected":false},"excerpt":{"rendered":"","protected":false},"featured_media":14633,"comment_status":"closed","ping_status":"open","template":"","meta":[],"product_cat":[301],"product_tag":[],"class_list":["post-14632","product","type-product","status-publish","has-post-thumbnail","hentry","product_cat-elektricke-zasuvky","yith_product_brand-popp"],"_links":{"self":[{"href":"https:\/\/www.webstranka-eshop.sk\/tesel\/wp-json\/wp\/v2\/product\/14632","targetHints":{"allow":["GET"]}}],"collection":[{"href":"https:\/\/www.webstranka-eshop.sk\/tesel\/wp-json\/wp\/v2\/product"}],"about":[{"href":"https:\/\/www.webstranka-eshop.sk\/tesel\/wp-json\/wp\/v2\/types\/product"}],"replies":[{"embeddable":true,"href":"https:\/\/www.webstranka-eshop.sk\/tesel\/wp-json\/wp\/v2\/comments?post=14632"}],"wp:featuredmedia":[{"embeddable":true,"href":"https:\/\/www.webstranka-eshop.sk\/tesel\/wp-json\/wp\/v2\/media\/14633"}],"wp:attachment":[{"href":"https:\/\/www.webstranka-eshop.sk\/tesel\/wp-json\/wp\/v2\/media?parent=14632"}],"wp:term":[{"taxonomy":"product_cat","embeddable":true,"href":"https:\/\/www.webstranka-eshop.sk\/tesel\/wp-json\/wp\/v2\/product_cat?post=14632"},{"taxonomy":"product_tag","embeddable":true,"href":"https:\/\/www.webstranka-eshop.sk\/tesel\/wp-json\/wp\/v2\/product_tag?post=14632"}],"curies":[{"name":"wp","href":"https:\/\/api.w.org\/{rel}","templated":true}]}}