{"id":14600,"date":"2022-07-04T02:44:49","date_gmt":"2022-07-04T00:44:49","guid":{"rendered":"https:\/\/www.webstranka-eshop.sk\/tesel\/produkt\/heatit-z-water-ovladanie-vodneho-podlahoveho-kurenia-10-okruhov\/"},"modified":"2022-07-04T02:44:50","modified_gmt":"2022-07-04T00:44:50","slug":"heatit-z-water-ovladanie-vodneho-podlahoveho-kurenia-10-okruhov","status":"publish","type":"product","link":"https:\/\/www.webstranka-eshop.sk\/tesel\/produkt\/heatit-z-water-ovladanie-vodneho-podlahoveho-kurenia-10-okruhov\/","title":{"rendered":"Heatit Z-Water, ovl\u00e1danie vodn\u00e9ho podlahov\u00e9ho k\u00farenia 10 okruhov"},"content":{"rendered":"","protected":false},"excerpt":{"rendered":"","protected":false},"featured_media":14601,"comment_status":"closed","ping_status":"open","template":"","meta":[],"product_cat":[285,286,339],"product_tag":[],"class_list":["post-14600","product","type-product","status-publish","has-post-thumbnail","hentry","product_cat-chytre-riesenia","product_cat-kurenie","product_cat-podlahove-kurenie","yith_product_brand-thermo-floor-as"],"_links":{"self":[{"href":"https:\/\/www.webstranka-eshop.sk\/tesel\/wp-json\/wp\/v2\/product\/14600","targetHints":{"allow":["GET"]}}],"collection":[{"href":"https:\/\/www.webstranka-eshop.sk\/tesel\/wp-json\/wp\/v2\/product"}],"about":[{"href":"https:\/\/www.webstranka-eshop.sk\/tesel\/wp-json\/wp\/v2\/types\/product"}],"replies":[{"embeddable":true,"href":"https:\/\/www.webstranka-eshop.sk\/tesel\/wp-json\/wp\/v2\/comments?post=14600"}],"wp:featuredmedia":[{"embeddable":true,"href":"https:\/\/www.webstranka-eshop.sk\/tesel\/wp-json\/wp\/v2\/media\/14601"}],"wp:attachment":[{"href":"https:\/\/www.webstranka-eshop.sk\/tesel\/wp-json\/wp\/v2\/media?parent=14600"}],"wp:term":[{"taxonomy":"product_cat","embeddable":true,"href":"https:\/\/www.webstranka-eshop.sk\/tesel\/wp-json\/wp\/v2\/product_cat?post=14600"},{"taxonomy":"product_tag","embeddable":true,"href":"https:\/\/www.webstranka-eshop.sk\/tesel\/wp-json\/wp\/v2\/product_tag?post=14600"}],"curies":[{"name":"wp","href":"https:\/\/api.w.org\/{rel}","templated":true}]}}