{"id":14596,"date":"2022-07-04T02:44:44","date_gmt":"2022-07-04T00:44:44","guid":{"rendered":"https:\/\/www.webstranka-eshop.sk\/tesel\/produkt\/heatit-z-din-616-spinaci-modul-na-din-listu\/"},"modified":"2022-07-04T02:44:48","modified_gmt":"2022-07-04T00:44:48","slug":"heatit-z-din-616-spinaci-modul-na-din-listu","status":"publish","type":"product","link":"https:\/\/www.webstranka-eshop.sk\/tesel\/produkt\/heatit-z-din-616-spinaci-modul-na-din-listu\/","title":{"rendered":"Heatit Z-DIN 616, sp\u00ednac\u00ed modul na DIN li\u0161tu"},"content":{"rendered":"","protected":false},"excerpt":{"rendered":"","protected":false},"featured_media":14597,"comment_status":"closed","ping_status":"open","template":"","meta":[],"product_cat":[285,286,339],"product_tag":[],"class_list":["post-14596","product","type-product","status-publish","has-post-thumbnail","hentry","product_cat-chytre-riesenia","product_cat-kurenie","product_cat-podlahove-kurenie","yith_product_brand-thermo-floor-as"],"_links":{"self":[{"href":"https:\/\/www.webstranka-eshop.sk\/tesel\/wp-json\/wp\/v2\/product\/14596","targetHints":{"allow":["GET"]}}],"collection":[{"href":"https:\/\/www.webstranka-eshop.sk\/tesel\/wp-json\/wp\/v2\/product"}],"about":[{"href":"https:\/\/www.webstranka-eshop.sk\/tesel\/wp-json\/wp\/v2\/types\/product"}],"replies":[{"embeddable":true,"href":"https:\/\/www.webstranka-eshop.sk\/tesel\/wp-json\/wp\/v2\/comments?post=14596"}],"wp:featuredmedia":[{"embeddable":true,"href":"https:\/\/www.webstranka-eshop.sk\/tesel\/wp-json\/wp\/v2\/media\/14597"}],"wp:attachment":[{"href":"https:\/\/www.webstranka-eshop.sk\/tesel\/wp-json\/wp\/v2\/media?parent=14596"}],"wp:term":[{"taxonomy":"product_cat","embeddable":true,"href":"https:\/\/www.webstranka-eshop.sk\/tesel\/wp-json\/wp\/v2\/product_cat?post=14596"},{"taxonomy":"product_tag","embeddable":true,"href":"https:\/\/www.webstranka-eshop.sk\/tesel\/wp-json\/wp\/v2\/product_tag?post=14596"}],"curies":[{"name":"wp","href":"https:\/\/api.w.org\/{rel}","templated":true}]}}