{"id":14538,"date":"2022-07-04T02:44:37","date_gmt":"2022-07-04T00:44:37","guid":{"rendered":"https:\/\/www.webstranka-eshop.sk\/tesel\/produkt\/montazny-drziak-aeotec-recessor-for-multisensor-6-and-trisensor-dse011\/"},"modified":"2022-07-04T02:44:40","modified_gmt":"2022-07-04T00:44:40","slug":"montazny-drziak-aeotec-recessor-for-multisensor-6-and-trisensor-dse011","status":"publish","type":"product","link":"https:\/\/www.webstranka-eshop.sk\/tesel\/produkt\/montazny-drziak-aeotec-recessor-for-multisensor-6-and-trisensor-dse011\/","title":{"rendered":"Mont\u00e1\u017eny dr\u017eiak &#8211; AEOTEC Recessor for MultiSensor 6 and TriSensor (DSE011)"},"content":{"rendered":"","protected":false},"excerpt":{"rendered":"","protected":false},"featured_media":14539,"comment_status":"closed","ping_status":"open","template":"","meta":[],"product_cat":[277,273],"product_tag":[],"class_list":["post-14538","product","type-product","status-publish","has-post-thumbnail","hentry","product_cat-prislusenstvo","product_cat-riadiace-jednotky","yith_product_brand-aeotec"],"_links":{"self":[{"href":"https:\/\/www.webstranka-eshop.sk\/tesel\/wp-json\/wp\/v2\/product\/14538","targetHints":{"allow":["GET"]}}],"collection":[{"href":"https:\/\/www.webstranka-eshop.sk\/tesel\/wp-json\/wp\/v2\/product"}],"about":[{"href":"https:\/\/www.webstranka-eshop.sk\/tesel\/wp-json\/wp\/v2\/types\/product"}],"replies":[{"embeddable":true,"href":"https:\/\/www.webstranka-eshop.sk\/tesel\/wp-json\/wp\/v2\/comments?post=14538"}],"wp:featuredmedia":[{"embeddable":true,"href":"https:\/\/www.webstranka-eshop.sk\/tesel\/wp-json\/wp\/v2\/media\/14539"}],"wp:attachment":[{"href":"https:\/\/www.webstranka-eshop.sk\/tesel\/wp-json\/wp\/v2\/media?parent=14538"}],"wp:term":[{"taxonomy":"product_cat","embeddable":true,"href":"https:\/\/www.webstranka-eshop.sk\/tesel\/wp-json\/wp\/v2\/product_cat?post=14538"},{"taxonomy":"product_tag","embeddable":true,"href":"https:\/\/www.webstranka-eshop.sk\/tesel\/wp-json\/wp\/v2\/product_tag?post=14538"}],"curies":[{"name":"wp","href":"https:\/\/api.w.org\/{rel}","templated":true}]}}