{"id":14512,"date":"2022-07-04T02:44:31","date_gmt":"2022-07-04T00:44:31","guid":{"rendered":"https:\/\/www.webstranka-eshop.sk\/tesel\/produkt\/steinel-is-140-2-vonkajsi-pohybovy-senzor-biely\/"},"modified":"2022-07-04T02:44:35","modified_gmt":"2022-07-04T00:44:35","slug":"steinel-is-140-2-vonkajsi-pohybovy-senzor-biely","status":"publish","type":"product","link":"https:\/\/www.webstranka-eshop.sk\/tesel\/produkt\/steinel-is-140-2-vonkajsi-pohybovy-senzor-biely\/","title":{"rendered":"STEINEL IS 140-2 Vonkaj\u0161\u00ed pohybov\u00fd senzor (Biely)"},"content":{"rendered":"","protected":false},"excerpt":{"rendered":"","protected":false},"featured_media":14513,"comment_status":"closed","ping_status":"open","template":"","meta":[],"product_cat":[285,310],"product_tag":[],"class_list":["post-14512","product","type-product","status-publish","has-post-thumbnail","hentry","product_cat-chytre-riesenia","product_cat-senzory-a-detektory-chytre-riesenia","yith_product_brand-steinel"],"_links":{"self":[{"href":"https:\/\/www.webstranka-eshop.sk\/tesel\/wp-json\/wp\/v2\/product\/14512","targetHints":{"allow":["GET"]}}],"collection":[{"href":"https:\/\/www.webstranka-eshop.sk\/tesel\/wp-json\/wp\/v2\/product"}],"about":[{"href":"https:\/\/www.webstranka-eshop.sk\/tesel\/wp-json\/wp\/v2\/types\/product"}],"replies":[{"embeddable":true,"href":"https:\/\/www.webstranka-eshop.sk\/tesel\/wp-json\/wp\/v2\/comments?post=14512"}],"wp:featuredmedia":[{"embeddable":true,"href":"https:\/\/www.webstranka-eshop.sk\/tesel\/wp-json\/wp\/v2\/media\/14513"}],"wp:attachment":[{"href":"https:\/\/www.webstranka-eshop.sk\/tesel\/wp-json\/wp\/v2\/media?parent=14512"}],"wp:term":[{"taxonomy":"product_cat","embeddable":true,"href":"https:\/\/www.webstranka-eshop.sk\/tesel\/wp-json\/wp\/v2\/product_cat?post=14512"},{"taxonomy":"product_tag","embeddable":true,"href":"https:\/\/www.webstranka-eshop.sk\/tesel\/wp-json\/wp\/v2\/product_tag?post=14512"}],"curies":[{"name":"wp","href":"https:\/\/api.w.org\/{rel}","templated":true}]}}