{"id":14486,"date":"2022-07-04T02:44:31","date_gmt":"2022-07-04T00:44:31","guid":{"rendered":"https:\/\/www.webstranka-eshop.sk\/tesel\/produkt\/doorbird-125-khz-rfid-klucenka-pre-doorbird-d21x\/"},"modified":"2022-07-04T02:44:32","modified_gmt":"2022-07-04T00:44:32","slug":"doorbird-125-khz-rfid-klucenka-pre-doorbird-d21x","status":"publish","type":"product","link":"https:\/\/www.webstranka-eshop.sk\/tesel\/produkt\/doorbird-125-khz-rfid-klucenka-pre-doorbird-d21x\/","title":{"rendered":"DoorBird 125 KHz RFID K\u013e\u00fa\u010denka pre DoorBird D21x"},"content":{"rendered":"","protected":false},"excerpt":{"rendered":"","protected":false},"featured_media":14487,"comment_status":"closed","ping_status":"open","template":"","meta":[],"product_cat":[285,314,313],"product_tag":[],"class_list":["post-14486","product","type-product","status-publish","has-post-thumbnail","hentry","product_cat-chytre-riesenia","product_cat-videovratnici-a-zvonceky","product_cat-zabezpecenie-domov-a-bytov","yith_product_brand-doorbird"],"_links":{"self":[{"href":"https:\/\/www.webstranka-eshop.sk\/tesel\/wp-json\/wp\/v2\/product\/14486","targetHints":{"allow":["GET"]}}],"collection":[{"href":"https:\/\/www.webstranka-eshop.sk\/tesel\/wp-json\/wp\/v2\/product"}],"about":[{"href":"https:\/\/www.webstranka-eshop.sk\/tesel\/wp-json\/wp\/v2\/types\/product"}],"replies":[{"embeddable":true,"href":"https:\/\/www.webstranka-eshop.sk\/tesel\/wp-json\/wp\/v2\/comments?post=14486"}],"wp:featuredmedia":[{"embeddable":true,"href":"https:\/\/www.webstranka-eshop.sk\/tesel\/wp-json\/wp\/v2\/media\/14487"}],"wp:attachment":[{"href":"https:\/\/www.webstranka-eshop.sk\/tesel\/wp-json\/wp\/v2\/media?parent=14486"}],"wp:term":[{"taxonomy":"product_cat","embeddable":true,"href":"https:\/\/www.webstranka-eshop.sk\/tesel\/wp-json\/wp\/v2\/product_cat?post=14486"},{"taxonomy":"product_tag","embeddable":true,"href":"https:\/\/www.webstranka-eshop.sk\/tesel\/wp-json\/wp\/v2\/product_tag?post=14486"}],"curies":[{"name":"wp","href":"https:\/\/api.w.org\/{rel}","templated":true}]}}