{"id":14420,"date":"2022-07-04T02:44:19","date_gmt":"2022-07-04T00:44:19","guid":{"rendered":"https:\/\/www.webstranka-eshop.sk\/tesel\/produkt\/prenosny-ovladac-fibaro-keyfob-fgkf-601-zw5\/"},"modified":"2022-07-04T02:44:21","modified_gmt":"2022-07-04T00:44:21","slug":"prenosny-ovladac-fibaro-keyfob-fgkf-601-zw5","status":"publish","type":"product","link":"https:\/\/www.webstranka-eshop.sk\/tesel\/produkt\/prenosny-ovladac-fibaro-keyfob-fgkf-601-zw5\/","title":{"rendered":"Prenosn\u00fd ovl\u00e1da\u010d &#8211; FIBARO KeyFob (FGKF-601 ZW5)"},"content":{"rendered":"","protected":false},"excerpt":{"rendered":"","protected":false},"featured_media":14421,"comment_status":"closed","ping_status":"open","template":"","meta":[],"product_cat":[285,306,305],"product_tag":[],"class_list":["post-14420","product","type-product","status-publish","has-post-thumbnail","hentry","product_cat-chytre-riesenia","product_cat-dialkove-ovladace-inteligentne-riadenie","product_cat-inteligentne-riadenie","yith_product_brand-fibaro"],"_links":{"self":[{"href":"https:\/\/www.webstranka-eshop.sk\/tesel\/wp-json\/wp\/v2\/product\/14420","targetHints":{"allow":["GET"]}}],"collection":[{"href":"https:\/\/www.webstranka-eshop.sk\/tesel\/wp-json\/wp\/v2\/product"}],"about":[{"href":"https:\/\/www.webstranka-eshop.sk\/tesel\/wp-json\/wp\/v2\/types\/product"}],"replies":[{"embeddable":true,"href":"https:\/\/www.webstranka-eshop.sk\/tesel\/wp-json\/wp\/v2\/comments?post=14420"}],"wp:featuredmedia":[{"embeddable":true,"href":"https:\/\/www.webstranka-eshop.sk\/tesel\/wp-json\/wp\/v2\/media\/14421"}],"wp:attachment":[{"href":"https:\/\/www.webstranka-eshop.sk\/tesel\/wp-json\/wp\/v2\/media?parent=14420"}],"wp:term":[{"taxonomy":"product_cat","embeddable":true,"href":"https:\/\/www.webstranka-eshop.sk\/tesel\/wp-json\/wp\/v2\/product_cat?post=14420"},{"taxonomy":"product_tag","embeddable":true,"href":"https:\/\/www.webstranka-eshop.sk\/tesel\/wp-json\/wp\/v2\/product_tag?post=14420"}],"curies":[{"name":"wp","href":"https:\/\/api.w.org\/{rel}","templated":true}]}}