{"id":14414,"date":"2022-07-04T02:44:19","date_gmt":"2022-07-04T00:44:19","guid":{"rendered":"https:\/\/www.webstranka-eshop.sk\/tesel\/produkt\/ovladac-scen-aeotec-wallmote-quad-zw130-c\/"},"modified":"2022-07-04T02:44:21","modified_gmt":"2022-07-04T00:44:21","slug":"ovladac-scen-aeotec-wallmote-quad-zw130-c","status":"publish","type":"product","link":"https:\/\/www.webstranka-eshop.sk\/tesel\/produkt\/ovladac-scen-aeotec-wallmote-quad-zw130-c\/","title":{"rendered":"Ovl\u00e1da\u010d Sc\u00e9n &#8211; AEOTEC WallMote Quad (ZW130-C)"},"content":{"rendered":"","protected":false},"excerpt":{"rendered":"","protected":false},"featured_media":14415,"comment_status":"closed","ping_status":"open","template":"","meta":[],"product_cat":[285,306,305],"product_tag":[],"class_list":["post-14414","product","type-product","status-publish","has-post-thumbnail","hentry","product_cat-chytre-riesenia","product_cat-dialkove-ovladace-inteligentne-riadenie","product_cat-inteligentne-riadenie","yith_product_brand-aeotec"],"_links":{"self":[{"href":"https:\/\/www.webstranka-eshop.sk\/tesel\/wp-json\/wp\/v2\/product\/14414","targetHints":{"allow":["GET"]}}],"collection":[{"href":"https:\/\/www.webstranka-eshop.sk\/tesel\/wp-json\/wp\/v2\/product"}],"about":[{"href":"https:\/\/www.webstranka-eshop.sk\/tesel\/wp-json\/wp\/v2\/types\/product"}],"replies":[{"embeddable":true,"href":"https:\/\/www.webstranka-eshop.sk\/tesel\/wp-json\/wp\/v2\/comments?post=14414"}],"wp:featuredmedia":[{"embeddable":true,"href":"https:\/\/www.webstranka-eshop.sk\/tesel\/wp-json\/wp\/v2\/media\/14415"}],"wp:attachment":[{"href":"https:\/\/www.webstranka-eshop.sk\/tesel\/wp-json\/wp\/v2\/media?parent=14414"}],"wp:term":[{"taxonomy":"product_cat","embeddable":true,"href":"https:\/\/www.webstranka-eshop.sk\/tesel\/wp-json\/wp\/v2\/product_cat?post=14414"},{"taxonomy":"product_tag","embeddable":true,"href":"https:\/\/www.webstranka-eshop.sk\/tesel\/wp-json\/wp\/v2\/product_tag?post=14414"}],"curies":[{"name":"wp","href":"https:\/\/api.w.org\/{rel}","templated":true}]}}