{"id":14388,"date":"2022-07-04T02:42:52","date_gmt":"2022-07-04T00:42:52","guid":{"rendered":"https:\/\/www.webstranka-eshop.sk\/tesel\/produkt\/ovladac-scen-fibaro-the-button-fgpb-101-3-zw5-cervene\/"},"modified":"2022-07-04T02:42:53","modified_gmt":"2022-07-04T00:42:53","slug":"ovladac-scen-fibaro-the-button-fgpb-101-3-zw5-cervene","status":"publish","type":"product","link":"https:\/\/www.webstranka-eshop.sk\/tesel\/produkt\/ovladac-scen-fibaro-the-button-fgpb-101-3-zw5-cervene\/","title":{"rendered":"Ovl\u00e1da\u010d sc\u00e9n &#8211; FIBARO The Button (FGPB-101-3 ZW5) &#8211; \u010cerven\u00e9"},"content":{"rendered":"","protected":false},"excerpt":{"rendered":"","protected":false},"featured_media":14318,"comment_status":"closed","ping_status":"open","template":"","meta":[],"product_cat":[291,273],"product_tag":[],"class_list":["post-14388","product","type-product","status-publish","has-post-thumbnail","hentry","product_cat-dialkove-ovladace","product_cat-riadiace-jednotky","yith_product_brand-fibaro"],"_links":{"self":[{"href":"https:\/\/www.webstranka-eshop.sk\/tesel\/wp-json\/wp\/v2\/product\/14388","targetHints":{"allow":["GET"]}}],"collection":[{"href":"https:\/\/www.webstranka-eshop.sk\/tesel\/wp-json\/wp\/v2\/product"}],"about":[{"href":"https:\/\/www.webstranka-eshop.sk\/tesel\/wp-json\/wp\/v2\/types\/product"}],"replies":[{"embeddable":true,"href":"https:\/\/www.webstranka-eshop.sk\/tesel\/wp-json\/wp\/v2\/comments?post=14388"}],"wp:featuredmedia":[{"embeddable":true,"href":"https:\/\/www.webstranka-eshop.sk\/tesel\/wp-json\/wp\/v2\/media\/14318"}],"wp:attachment":[{"href":"https:\/\/www.webstranka-eshop.sk\/tesel\/wp-json\/wp\/v2\/media?parent=14388"}],"wp:term":[{"taxonomy":"product_cat","embeddable":true,"href":"https:\/\/www.webstranka-eshop.sk\/tesel\/wp-json\/wp\/v2\/product_cat?post=14388"},{"taxonomy":"product_tag","embeddable":true,"href":"https:\/\/www.webstranka-eshop.sk\/tesel\/wp-json\/wp\/v2\/product_tag?post=14388"}],"curies":[{"name":"wp","href":"https:\/\/api.w.org\/{rel}","templated":true}]}}