{"id":14387,"date":"2022-07-04T02:42:52","date_gmt":"2022-07-04T00:42:52","guid":{"rendered":"https:\/\/www.webstranka-eshop.sk\/tesel\/produkt\/ovladac-scen-fibaro-the-button-fgpb-101-1-zw5-biele\/"},"modified":"2022-07-04T02:42:53","modified_gmt":"2022-07-04T00:42:53","slug":"ovladac-scen-fibaro-the-button-fgpb-101-1-zw5-biele","status":"publish","type":"product","link":"https:\/\/www.webstranka-eshop.sk\/tesel\/produkt\/ovladac-scen-fibaro-the-button-fgpb-101-1-zw5-biele\/","title":{"rendered":"Ovl\u00e1da\u010d sc\u00e9n &#8211; FIBARO The Button (FGPB-101-1 ZW5) &#8211; Biele"},"content":{"rendered":"","protected":false},"excerpt":{"rendered":"","protected":false},"featured_media":14316,"comment_status":"closed","ping_status":"open","template":"","meta":[],"product_cat":[291,273],"product_tag":[],"class_list":["post-14387","product","type-product","status-publish","has-post-thumbnail","hentry","product_cat-dialkove-ovladace","product_cat-riadiace-jednotky","yith_product_brand-fibaro"],"_links":{"self":[{"href":"https:\/\/www.webstranka-eshop.sk\/tesel\/wp-json\/wp\/v2\/product\/14387","targetHints":{"allow":["GET"]}}],"collection":[{"href":"https:\/\/www.webstranka-eshop.sk\/tesel\/wp-json\/wp\/v2\/product"}],"about":[{"href":"https:\/\/www.webstranka-eshop.sk\/tesel\/wp-json\/wp\/v2\/types\/product"}],"replies":[{"embeddable":true,"href":"https:\/\/www.webstranka-eshop.sk\/tesel\/wp-json\/wp\/v2\/comments?post=14387"}],"wp:featuredmedia":[{"embeddable":true,"href":"https:\/\/www.webstranka-eshop.sk\/tesel\/wp-json\/wp\/v2\/media\/14316"}],"wp:attachment":[{"href":"https:\/\/www.webstranka-eshop.sk\/tesel\/wp-json\/wp\/v2\/media?parent=14387"}],"wp:term":[{"taxonomy":"product_cat","embeddable":true,"href":"https:\/\/www.webstranka-eshop.sk\/tesel\/wp-json\/wp\/v2\/product_cat?post=14387"},{"taxonomy":"product_tag","embeddable":true,"href":"https:\/\/www.webstranka-eshop.sk\/tesel\/wp-json\/wp\/v2\/product_tag?post=14387"}],"curies":[{"name":"wp","href":"https:\/\/api.w.org\/{rel}","templated":true}]}}